{"id":2854,"date":"2026-04-06T14:45:07","date_gmt":"2026-04-06T12:45:07","guid":{"rendered":"https:\/\/actio-catholica.hu\/?page_id=2854"},"modified":"2026-04-06T14:44:11","modified_gmt":"2026-04-06T12:44:11","slug":"letoltes","status":"publish","type":"page","link":"https:\/\/actio-catholica.hu\/index.php\/letoltes\/","title":{"rendered":"Let\u00f6lt\u00e9s [Download] &#8211; Friss\u00edtve: 2026.04.06."},"content":{"rendered":"<table style=\"height: 44px; width: 100%; border-collapse: collapse; border-style: hidden;\" border=\"1\">\n<tbody>\n<tr style=\"height: 22px;\">\n<td style=\"width: 67.8911%; height: 22px; text-align: center; border-style: hidden;\">\n<h1 style=\"text-align: center;\"><span style=\"font-size: 48px;\"><strong>Let\u00f6lt\u00e9si oldal<\/strong><\/span><\/h1>\n<\/td>\n<td style=\"width: 32.109%; height: 44px; text-align: center; border-style: hidden;\" rowspan=\"2\">\n<p><img loading=\"lazy\" decoding=\"async\" class=\"wp-image-9 aligncenter\" src=\"https:\/\/actio-catholica.hu\/wp-content\/uploads\/2019\/09\/200x200-Heart-of-Iesus-Maria-and-Snake-150x150.png\" alt=\"\" width=\"253\" height=\"253\" srcset=\"https:\/\/actio-catholica.hu\/wp-content\/uploads\/2019\/09\/200x200-Heart-of-Iesus-Maria-and-Snake-150x150.png 150w, https:\/\/actio-catholica.hu\/wp-content\/uploads\/2019\/09\/200x200-Heart-of-Iesus-Maria-and-Snake.png 200w\" sizes=\"auto, (max-width: 253px) 100vw, 253px\" \/><\/p>\n<\/td>\n<\/tr>\n<tr style=\"height: 22px;\">\n<td style=\"width: 67.8911%; height: 22px; text-align: center; border-style: hidden;\">\n<p><img loading=\"lazy\" decoding=\"async\" class=\"aligncenter  wp-image-2627\" src=\"https:\/\/actio-catholica.hu\/wp-content\/uploads\/2021\/03\/Donload-transparent-300x97.png\" alt=\"\" width=\"491\" height=\"159\" srcset=\"https:\/\/actio-catholica.hu\/wp-content\/uploads\/2021\/03\/Donload-transparent-300x97.png 300w, https:\/\/actio-catholica.hu\/wp-content\/uploads\/2021\/03\/Donload-transparent.png 620w\" sizes=\"auto, (max-width: 491px) 100vw, 491px\" \/><\/p>\n<\/td>\n<\/tr>\n<\/tbody>\n<\/table>\n<h1 style=\"text-align: center;\">\u00a0<\/h1>\n<ol>\n<li>\n<h4><a id=\"link-2242\" class=\"track_this_link \" href=\"https:\/\/actio-catholica.hu\/wp-content\/uploads\/2020\/12\/1962%20Missal%20and%20Breviary%201.0.apk\" target=\"_blank\" rel=\"noopener noreferrer\">Breviarium \u00e9s Szentmise alkalmaz\u00e1s \u2013 Androidra<\/a><\/h4>\n<\/li>\n<li>\n<p><a id=\"link-1864\" class=\"track_this_link \" href=\"https:\/\/actio-catholica.hu\/wp-content\/uploads\/2020\/10\/1991-2128-Az-egyhazi-ev-mozgo-unnepei-tablazata.pdf\" target=\"_blank\" rel=\"noopener noreferrer\">Az egyh\u00e1zi \u00e9v mozg\u00f3 \u00fcnnepei [1991-2128]<\/a><\/p>\n<\/li>\n<li><a id=\"link-1360\" class=\"track_this_link \" href=\"https:\/\/actio-catholica.hu\/wp-content\/uploads\/2023\/01\/Alfredo_Ottaviani_biboros.pdf\" target=\"_blank\" rel=\"noopener noreferrer\">Ottaviani b\u00edboros Intervenci\u00f3ja<\/a><\/li>\n<li>\n<h4>Misek\u00f6nyvek. imak\u00f6nyvek, liturgikus k\u00f6nyvek \u00e9s k\u00f6nyvecsk\u00e9k<\/h4>\n<ol>\n<li><a id=\"link-1037\" class=\"track_this_link \" href=\"https:\/\/actio-catholica.hu\/wp-content\/uploads\/2019\/11\/Tridenti-Szentmise.pdf\" target=\"_blank\" rel=\"noopener noreferrer\">Latin-magyar misek\u00f6nyv a h\u00edveknek<\/a><\/li>\n<li><a href=\"https:\/\/actio-catholica.hu\/wp-content\/uploads\/2022\/08\/Missale-Romanum-1962.pdf\" target=\"_blank\" rel=\"noopener\">Missale Romanum \u2013 1962<\/a><\/li>\n<li><a id=\"link-1039\" class=\"track_this_link \" href=\"https:\/\/actio-catholica.hu\/wp-content\/uploads\/2019\/11\/1960-Missae-Propiae-Dioecesium-Hungariae.pdf\" target=\"_blank\" rel=\"noopener noreferrer\">Missae Propiae Dioecesium Hungari\u00e6 \u2013 1957<\/a><\/li>\n<li><a href=\"https:\/\/actio-catholica.hu\/wp-content\/uploads\/2023\/02\/Breviarium-romanum-bilingual.pdf\">Breviarium Romanum &#8211; K\u00e9tnyelv\u0171 <\/a><\/li>\n<li>Collectio Rituum &#8211; 1954<\/li>\n<li><a href=\"https:\/\/actio-catholica.hu\/wp-content\/uploads\/2023\/01\/Collectio-Rituum-1964.pdf\">Collectio Rituum &#8211; 1964<\/a><\/li>\n<li><a id=\"link-1360\" class=\"track_this_link \" href=\"https:\/\/actio-catholica.hu\/wp-content\/uploads\/2020\/07\/V\u00edzszentel\u00e9s-liturgi\u00e1ja.pdf\" target=\"_blank\" rel=\"noopener noreferrer\">V\u00edzszentel\u00e9s liturgi\u00e1ja<\/a><\/li>\n<li><a href=\"https:\/\/actio-catholica.hu\/wp-content\/uploads\/2023\/01\/A-szentsegek-kiszolgaltatasa.pdf\">Szents\u00e9gek kiszolg\u00e1ltat\u00e1sa<\/a><\/li>\n<li>H\u00e1zszentel\u00e9s &#8211; r\u00f6videsen j\u00f6n<\/li>\n<li><a id=\"link-1358\" class=\"track_this_link \" href=\"https:\/\/actio-catholica.hu\/wp-content\/uploads\/2021\/06\/\u00d6r\u00f6kim\u00e1d\u00e1s - A legm\u00e9lt\u00f3s\u00e1gosabb Oltriszents\u00e9g imak\u00f6nyve.pdf\" target=\"_blank\" rel=\"noopener noreferrer\">Szents\u00e9gim\u00e1d\u00e1s<\/a><\/li>\n<li><a href=\"https:\/\/actio-catholica.hu\/wp-content\/uploads\/2026\/01\/Kereszteles-liturgiaja.pdf\" target=\"_blank\" rel=\"noopener\">Keresztel\u00e9s liturgi\u00e1ja<\/a><\/li>\n<\/ol>\n<\/li>\n<li>\n<h4>H\u00edveknek<\/h4>\n<ol>\n<li><a id=\"link-1356\" class=\"track_this_link \" href=\"https:\/\/actio-catholica.hu\/wp-content\/uploads\/2023\/03\/HU-Utmutato-egy-jo-szentgyonashoz-lila.pdf\" target=\"_blank\" rel=\"noopener noreferrer\">Lelkit\u00fck\u00f6r a j\u00f3 Szentgy\u00f3n\u00e1shoz<\/a><\/li>\n<li><a id=\"link-1360\" class=\"track_this_link \" href=\"https:\/\/actio-catholica.hu\/wp-content\/uploads\/2020\/07\/V\u00edzszentel\u00e9s-liturgi\u00e1ja.pdf\" target=\"_blank\" rel=\"noopener noreferrer\"><\/a><a href=\"https:\/\/actio-catholica.hu\/wp-content\/uploads\/2023\/01\/Diurnale-Romanum-2009.pdf\">Diurnale Romanum &#8211; 2009 [az 1961-s alapj\u00e1n]<\/a><\/li>\n<li><a id=\"link-1360\" class=\"track_this_link \" href=\"https:\/\/actio-catholica.hu\/wp-content\/uploads\/2023\/03\/Az-Anyaszentegyhaz-imai-1x1-bovitve-Egri-Kiskatekizmus-alapjan-92-oldal-c.pdf\" target=\"_blank\" rel=\"noopener noreferrer\">Katekizmus k\u00f6nyv &#8211; kieg\u00e9sz\u00edtve im\u00e1kkal, \u00e9s lelkit\u00fck\u00f6rrel<\/a><\/li>\n<\/ol>\n<\/li>\n<li>\n<h4>R\u00f6vid, teol\u00f3giai f\u00fczetek a katolikusoknak eligazod\u00e1sra<\/h4>\n<\/li>\n<\/ol>\n<table style=\"width: 90%; border-collapse: collapse; border-style: none; height: 48px;\">\n<tbody>\n<tr style=\"height: 48px;\">\n<td style=\"border-style: none; width: 33.1578%; text-align: center; height: 48px;\">\n<h5><a href=\"https:\/\/actio-catholica.hu\/wp-content\/uploads\/2023\/08\/A-bojt-Evetovics-Kuno-Moralteologia.pdf\">A b\u00f6jt teol\u00f3gi\u00e1ja<\/a><\/h5>\n<\/td>\n<td style=\"width: 33.6843%; border-style: none; text-align: center; height: 48px;\">\n<h5><a href=\"https:\/\/actio-catholica.hu\/wp-content\/uploads\/2023\/08\/A-bun-Evetovics-Kuno-Moralteologia.pdf\">A b\u0171n teol\u00f3gi\u00e1ja<\/a><\/h5>\n<\/td>\n<td style=\"width: 33.0263%; border-style: none; text-align: center; height: 48px;\">\n<h5><a href=\"https:\/\/actio-catholica.hu\/wp-content\/uploads\/2026\/03\/Egy-katolikus-ketsegei-az-SSPX-szel-kapcsolatban.pdf\" target=\"_blank\" rel=\"noopener\">Egy katolikus k\u00e9ts\u00e9gei az SSPX-szel kapcsolatban<\/a><\/h5>\n<\/td>\n<\/tr>\n<tr>\n<td style=\"border-style: none; text-align: center; width: 33.1578%;\">\n<h5><a href=\"https:\/\/actio-catholica.hu\/wp-content\/uploads\/2025\/11\/Gorog-katolikusok-visszaterese-a-FILIOQUE-nelkuli-ortodox-hitvallashoz.pdf\" target=\"_blank\" rel=\"noopener\">A magyar g\u00f6r\u00f6gkatolikusok<br \/>\nFILOQUE eretneks\u00e9ge<\/a><\/h5>\n<\/td>\n<td style=\"border-style: none; text-align: center; width: 33.6843%;\">\n<h5><a href=\"https:\/\/actio-catholica.hu\/wp-content\/uploads\/2025\/12\/Filioque-bizonyitasa-PMTA.pdf\" target=\"_blank\" rel=\"noopener\">Filioque bizony\u00edt\u00e1sa<\/a><\/h5>\n<\/td>\n<td style=\"border-style: none; text-align: center; width: 33.0263%;\">\n<p><a href=\"https:\/\/www.youtube.com\/watch?v=RMGRNjCcgMw\" target=\"_blank\" rel=\"noopener\">A g\u00f6r\u00f6gkatolikusok tiszt\u00edt\u00f3t\u0171z tagad\u00e1sa itt n\u00e9zhet\u0151 meg a youtube<\/a><\/p>\n<p><a href=\"https:\/\/actio-catholica.hu\/wp-content\/uploads\/2026\/04\/A-karhozat-a-tisztitotuz-es-Mennyorszag-bizonyitasa.pdf\" target=\"_blank\" rel=\"noopener\">A tiszt\u00edt\u00f3t\u0171z l\u00e9tez\u00e9s\u00e9nek bizony\u00edt\u00e1sa<\/a><\/p>\n<\/td>\n<\/tr>\n<\/tbody>\n<\/table>\n<ol>\n<li>\n<h4>Egyh\u00e1zi \u00e9nekek<\/h4>\n<ol>\n<li><a id=\"link-1356\" class=\"track_this_link \" href=\"https:\/\/actio-catholica.hu\/wp-content\/uploads\/2023\/01\/Liber-Usualis-1961.pdf\" target=\"_blank\" rel=\"noopener noreferrer\">Liber Usualis &#8211; 1961<\/a><\/li>\n<li><a href=\"https:\/\/actio-catholica.hu\/wp-content\/uploads\/2023\/02\/Graduale%20Romanum 1961.pdf\">Graduale 1961<\/a><\/li>\n<li><a href=\"https:\/\/actio-catholica.hu\/wp-content\/uploads\/2021\/03\/Temetesi-enekeskonyv-1914-full.pdf\">Temet\u00e9si \u00e9nekesk\u00f6nyv &#8211; 1914 &#8211; A Katholikus K\u00e1ntor K\u00f6nyvt\u00e1ra [Temet\u00e9si K\u00f6nyv]<\/a><\/li>\n<li><a href=\"https:\/\/actio-catholica.hu\/wp-content\/uploads\/2023\/02\/Enekek-Advent-lila.pdf\">Advent<\/a><\/li>\n<li><a href=\"https:\/\/actio-catholica.hu\/wp-content\/uploads\/2023\/02\/Enekek-Karacsony-sarga.pdf\">Kar\u00e1csony<\/a><\/li>\n<li><a href=\"https:\/\/actio-catholica.hu\/wp-content\/uploads\/2023\/02\/Enekek-Egyhaz-zold.pdf\">V\u00edzkereszt \u00e9s P\u00fcnk\u00f6sd ut\u00e1ni<\/a><\/li>\n<li><a href=\"https:\/\/actio-catholica.hu\/wp-content\/uploads\/2023\/02\/Enekek-Nagybojt-lila.pdf\">Nagyb\u00f6jt<\/a><\/li>\n<li><a href=\"https:\/\/actio-catholica.hu\/wp-content\/uploads\/2023\/02\/Enekek-Husvet-sarga.pdf\">H\u00fasv\u00e9t<\/a><\/li>\n<\/ol>\n<\/li>\n<li>\n<h4>Olvasni val\u00f3k<\/h4>\n<ol>\n<li><a id=\"link-1729\" class=\"track_this_link \" href=\"https:\/\/actio-catholica.hu\/wp-content\/uploads\/2020\/10\/2-Mortalium-animos.pdf\" target=\"_blank\" rel=\"noopener noreferrer\">Mortalium Animos &#8211; Az alapvet\u0151 \u00f6kumenizmusr\u00f3l<\/a><\/li>\n<li><a href=\"https:\/\/actio-catholica.hu\/wp-content\/uploads\/2020\/03\/Don-Felix-Sard\u00e1-y-Salvany-A-liberalizmus-b\u0171n.pdf\">Dr. Felix Sard\u00e1 y Salvany &#8211; A liberalizmus b\u0171n<\/a><\/li>\n<li><a href=\"https:\/\/actio-catholica.hu\/wp-content\/uploads\/2023\/01\/Sooky-Gabor-A-liberalizmus-es-az-internationale.pdf\">Sooky G\u00e1bor &#8211; A liberalizmus \u00e9s az internation\u00e1l\u00e9<\/a><\/li>\n<li><a id=\"link-2069\" class=\"track_this_link \" href=\"https:\/\/actio-catholica.hu\/wp-content\/uploads\/2023\/01\/Sipos-Istvan-A-colibatus-tortenete-es-vedelme-I.pdf\" target=\"_blank\" rel=\"noopener noreferrer\">Sipos Istv\u00e1n: A c\u00f6lib\u00e1tus \u2013 T\u00f6rt\u00e9nete \u00e9s v\u00e9delme<\/a><\/li>\n<\/ol>\n<\/li>\n<li>Mesters\u00e9ges intelligencia (AI\/MI)\n<ol>\n<li><a href=\"https:\/\/actio-catholica.hu\/wp-content\/uploads\/2025\/04\/AI-2027.pdf\" target=\"_blank\" rel=\"noopener\">Az AI\/MI v\u00e1rhat\u00f3 fejl\u0151d\u00e9se<\/a><\/li>\n<\/ol>\n<\/li>\n<li>\n<h4>Kereszt\u00fati imaf\u00fczetek<\/h4>\n<ol>\n<li><a href=\"https:\/\/actio-catholica.hu\/wp-content\/uploads\/2022\/04\/PMTA-Keresztut.pdf\" target=\"_blank\" rel=\"noopener\">Proh\u00e1szka Ottok\u00e1r p\u00fcsp\u00f6k elm\u00e9lked\u00e9s\u00e9vel<\/a><\/li>\n<\/ol>\n<\/li>\n<li>\n<h4 id=\"link-1360\" class=\"track_this_link \">Sch\u00fctz Antal ScHP &#8211; Dogmatika:<\/h4>\n<ol>\n<li><a id=\"link-2068\" class=\"track_this_link \" href=\"https:\/\/actio-catholica.hu\/wp-content\/uploads\/2023\/01\/Schutz-Antal-Dogmatika.pdf\" target=\"_blank\" rel=\"noopener noreferrer\">Dogmatika<\/a><\/li>\n<li><a id=\"link-2417\" class=\"track_this_link \" href=\"https:\/\/actio-catholica.hu\/index.php\/dogmatika\/dogmatika\" target=\"_blank\" rel=\"noopener noreferrer\">Dogmatika fejezetenk\u00e9nt let\u00f6lthet\u0151<\/a><\/li>\n<\/ol>\n<\/li>\n<li>\n<h4>Sch\u00fctz Antal ScHP &#8211; Egy\u00e9b \u00edr\u00e1sok:<\/h4>\n<ol>\n<li><a href=\"https:\/\/actio-catholica.hu\/wp-content\/uploads\/2023\/02\/Schutz-Antal-Krisztus-jelenlete-az-Oltariszentsegben\">Krisztus jelenl\u00e9te az Olt\u00e1riszents\u00e9gben<\/a><\/li>\n<\/ol>\n<\/li>\n<li>\n<h4>Proh\u00e1szka Ottok\u00e1r p\u00fcsp\u00f6k \u00f6ssze<\/h4>\n<ol>\n<li><a href=\"https:\/\/actio-catholica.hu\/index.php\/prohaszka-ottokar-puspok-osszes-muve\">\u00d6sszes m\u0171ve<\/a><\/li>\n<\/ol>\n<\/li>\n<li>\n<h4>Evetovics Kun\u00f3 OCist &#8211; Mor\u00e1lteol\u00f3gia<\/h4>\n<ol>\n<li><a href=\"https:\/\/actio-catholica.hu\/wp-content\/uploads\/2023\/01\/Evetovics-Kuno-Katolikus-erkolcstan-I.pdf\">Katolikus erk\u00f6lcstan I.<\/a><\/li>\n<li><a href=\"https:\/\/actio-catholica.hu\/wp-content\/uploads\/2023\/01\/Evetovics-Kuno-Katolikus-erkolcstan-II.pdf\">Katolikus erk\u00f6lcstan II.<\/a><\/li>\n<\/ol>\n<\/li>\n<li>\n<h4>P\u00e1pai enciklik\u00e1k, Apostoli levelek<\/h4>\n<\/li>\n<\/ol>\n","protected":false},"excerpt":{"rendered":"<p>Let\u00f6lt\u00e9si oldal \u00a0 Breviarium \u00e9s Szentmise alkalmaz\u00e1s \u2013 Androidra Az egyh\u00e1zi \u00e9v mozg\u00f3 \u00fcnnepei [1991-2128] Ottaviani b\u00edboros Intervenci\u00f3ja Misek\u00f6nyvek. imak\u00f6nyvek, liturgikus k\u00f6nyvek \u00e9s k\u00f6nyvecsk\u00e9k Latin-magyar misek\u00f6nyv a h\u00edveknek Missale Romanum \u2013 1962 Missae Propiae Dioecesium Hungari\u00e6 \u2013 1957 Breviarium Romanum &#8211; K\u00e9tnyelv\u0171 Collectio Rituum &#8211; 1954 Collectio Rituum &#8211; 1964 V\u00edzszentel\u00e9s liturgi\u00e1ja Szents\u00e9gek kiszolg\u00e1ltat\u00e1sa H\u00e1zszentel\u00e9s [&hellip;]<\/p>\n","protected":false},"author":3,"featured_media":0,"parent":0,"menu_order":0,"comment_status":"closed","ping_status":"closed","template":"","meta":{"h5ap_radio_sources":[],"footnotes":""},"class_list":["post-2854","page","type-page","status-publish","hentry"],"_links":{"self":[{"href":"https:\/\/actio-catholica.hu\/index.php\/wp-json\/wp\/v2\/pages\/2854","targetHints":{"allow":["GET"]}}],"collection":[{"href":"https:\/\/actio-catholica.hu\/index.php\/wp-json\/wp\/v2\/pages"}],"about":[{"href":"https:\/\/actio-catholica.hu\/index.php\/wp-json\/wp\/v2\/types\/page"}],"author":[{"embeddable":true,"href":"https:\/\/actio-catholica.hu\/index.php\/wp-json\/wp\/v2\/users\/3"}],"replies":[{"embeddable":true,"href":"https:\/\/actio-catholica.hu\/index.php\/wp-json\/wp\/v2\/comments?post=2854"}],"version-history":[{"count":51,"href":"https:\/\/actio-catholica.hu\/index.php\/wp-json\/wp\/v2\/pages\/2854\/revisions"}],"predecessor-version":[{"id":7358,"href":"https:\/\/actio-catholica.hu\/index.php\/wp-json\/wp\/v2\/pages\/2854\/revisions\/7358"}],"wp:attachment":[{"href":"https:\/\/actio-catholica.hu\/index.php\/wp-json\/wp\/v2\/media?parent=2854"}],"curies":[{"name":"wp","href":"https:\/\/api.w.org\/{rel}","templated":true}]}}