{"id":2935,"date":"2021-06-13T11:41:04","date_gmt":"2021-06-13T09:41:04","guid":{"rendered":"https:\/\/actio-catholica.hu\/?page_id=2935"},"modified":"2023-01-26T13:20:57","modified_gmt":"2023-01-26T12:20:57","slug":"enciklikak","status":"publish","type":"page","link":"https:\/\/actio-catholica.hu\/index.php\/enciklikak\/","title":{"rendered":"Enciklik\u00e1k"},"content":{"rendered":"<h1 style=\"text-align: center;\"><img loading=\"lazy\" decoding=\"async\" class=\"alignright size-medium wp-image-2933\" src=\"https:\/\/actio-catholica.hu\/wp-content\/uploads\/2021\/06\/Papai-cimer-300x237.png\" alt=\"\" width=\"300\" height=\"237\" srcset=\"https:\/\/actio-catholica.hu\/wp-content\/uploads\/2021\/06\/Papai-cimer-300x237.png 300w, https:\/\/actio-catholica.hu\/wp-content\/uploads\/2021\/06\/Papai-cimer-1024x808.png 1024w, https:\/\/actio-catholica.hu\/wp-content\/uploads\/2021\/06\/Papai-cimer-768x606.png 768w, https:\/\/actio-catholica.hu\/wp-content\/uploads\/2021\/06\/Papai-cimer.png 1027w\" sizes=\"auto, (max-width: 300px) 100vw, 300px\" \/>P\u00e1pai enciklik\u00e1k, Apostoli levelek<\/h1>\n<ol>\n<li>\n<h4>1555-1559 IV. P\u00e1l p\u00e1pa<\/h4>\n<ol>\n<li>\u00a0<\/li>\n<\/ol>\n<\/li>\n<li>\n<h4>1566-1572 V. Pius p\u00e1pa<\/h4>\n<ol>\n<li><a href=\"https:\/\/actio-catholica.hu\/wp-content\/uploads\/2021\/07\/Quo-Primum.pdf\" target=\"_blank\" rel=\"noopener\">Quo Primum<\/a><\/li>\n<\/ol>\n<\/li>\n<li>\n<h4>1730-1740 XII. Kelemen p\u00e1pa<\/h4>\n<ol>\n<li>\u00a0<\/li>\n<\/ol>\n<\/li>\n<li>\n<h4>1775-1799 VI. Pius p\u00e1pa<\/h4>\n<ol>\n<li>\u00a0<\/li>\n<\/ol>\n<\/li>\n<li>\n<h4>1846-1878 IX. Pius p\u00e1pa<\/h4>\n<ol>\n<li>\u00a0<\/li>\n<\/ol>\n<\/li>\n<li>\n<h4>1878-1903 XIII. Le\u00f3 p\u00e1pa<\/h4>\n<ol>\n<li>\u00a0<\/li>\n<\/ol>\n<\/li>\n<li>\n<h4>1903-1914 X. Pius p\u00e1pa<\/h4>\n<ol>\n<li><a href=\"https:\/\/actio-catholica.hu\/wp-content\/uploads\/2023\/01\/X.-PIUS-PAPA-AZ-EGYHAZI-ENEK-ES-ZENE-UGYEBEN.pdf\">Szent X. Piusz P\u00e1pa &#8211; \u201eAz egyh\u00e1zi \u00e9nek \u00e9s zene \u00fcgy\u00e9ben\u201d<\/a><\/li>\n<li>\u00a0<\/li>\n<\/ol>\n<\/li>\n<li>\n<h4>1922-1939 XI. Pius p\u00e1pa<\/h4>\n<ol>\n<li>\u00a0<\/li>\n<\/ol>\n<\/li>\n<li>\n<h4>1939-1959 XII Pius p\u00e1pa<\/h4>\n<ol>\n<li>\u00a0<\/li>\n<\/ol>\n<\/li>\n<li>\n<h4>1958-1963 XXIII.J\u00e1nos p\u00e1pa<\/h4>\n<ol>\n<li>\u00a0<\/li>\n<\/ol>\n<\/li>\n<li>\n<h4>1963-1978 VI. P\u00e1l p\u00e1pa<\/h4>\n<ol>\n<li>\u00a0<\/li>\n<\/ol>\n<\/li>\n<li>\n<h4>1978-2005 II. J\u00e1nos P\u00e1l p\u00e1pa<\/h4>\n<ol>\n<li>\u00a0<\/li>\n<\/ol>\n<\/li>\n<li>\n<h4>2005-2013 XVI. Benedek p\u00e1pa<\/h4>\n<ol>\n<li>\u00a0<\/li>\n<\/ol>\n<\/li>\n<li>\n<h4>2013-xxxx.Ferenc p\u00e1pa<\/h4>\n<ol>\n<li>\u00a0<\/li>\n<\/ol>\n<\/li>\n<li>\n<h4>Hittani Kongreg\u00e1ci\u00f3<\/h4>\n<ol>\n<li>1<\/li>\n<\/ol>\n<\/li>\n<\/ol>\n<p>&nbsp;<\/p>\n","protected":false},"excerpt":{"rendered":"<p>P\u00e1pai enciklik\u00e1k, Apostoli levelek 1555-1559 IV. P\u00e1l p\u00e1pa \u00a0 1566-1572 V. Pius p\u00e1pa Quo Primum 1730-1740 XII. Kelemen p\u00e1pa \u00a0 1775-1799 VI. Pius p\u00e1pa \u00a0 1846-1878 IX. Pius p\u00e1pa \u00a0 1878-1903 XIII. Le\u00f3 p\u00e1pa \u00a0 1903-1914 X. Pius p\u00e1pa Szent X. Piusz P\u00e1pa &#8211; \u201eAz egyh\u00e1zi \u00e9nek \u00e9s zene \u00fcgy\u00e9ben\u201d \u00a0 1922-1939 XI. Pius p\u00e1pa [&hellip;]<\/p>\n","protected":false},"author":3,"featured_media":0,"parent":0,"menu_order":0,"comment_status":"closed","ping_status":"closed","template":"","meta":{"h5ap_radio_sources":[],"footnotes":""},"class_list":["post-2935","page","type-page","status-publish","hentry"],"_links":{"self":[{"href":"https:\/\/actio-catholica.hu\/index.php\/wp-json\/wp\/v2\/pages\/2935","targetHints":{"allow":["GET"]}}],"collection":[{"href":"https:\/\/actio-catholica.hu\/index.php\/wp-json\/wp\/v2\/pages"}],"about":[{"href":"https:\/\/actio-catholica.hu\/index.php\/wp-json\/wp\/v2\/types\/page"}],"author":[{"embeddable":true,"href":"https:\/\/actio-catholica.hu\/index.php\/wp-json\/wp\/v2\/users\/3"}],"replies":[{"embeddable":true,"href":"https:\/\/actio-catholica.hu\/index.php\/wp-json\/wp\/v2\/comments?post=2935"}],"version-history":[{"count":5,"href":"https:\/\/actio-catholica.hu\/index.php\/wp-json\/wp\/v2\/pages\/2935\/revisions"}],"predecessor-version":[{"id":2938,"href":"https:\/\/actio-catholica.hu\/index.php\/wp-json\/wp\/v2\/pages\/2935\/revisions\/2938"}],"wp:attachment":[{"href":"https:\/\/actio-catholica.hu\/index.php\/wp-json\/wp\/v2\/media?parent=2935"}],"curies":[{"name":"wp","href":"https:\/\/api.w.org\/{rel}","templated":true}]}}