{"id":3329,"date":"2021-10-19T13:34:54","date_gmt":"2021-10-19T11:34:54","guid":{"rendered":"https:\/\/actio-catholica.hu\/?page_id=3329"},"modified":"2023-02-23T14:41:37","modified_gmt":"2023-02-23T13:41:37","slug":"dr-sutto-szilard-egyetemi-adjunktus-konyvei","status":"publish","type":"page","link":"https:\/\/actio-catholica.hu\/index.php\/dr-sutto-szilard-egyetemi-adjunktus-konyvei\/","title":{"rendered":"Dr. S\u00fctt\u0151 Szil\u00e1rd egyetemi docens \u00edr\u00e1sai"},"content":{"rendered":"<h2 style=\"text-align: center;\">Olvashat\u00f3 (nem let\u00f6lthet\u0151) \u00edr\u00e1sok<\/h2>\n<table style=\"width: 100%; border-collapse: collapse; border-style: none;\">\n<tbody>\n<tr>\n<td style=\"width: 33.3333%; border-style: none;\">\u00a0<\/td>\n<td style=\"width: 33.3333%; border-style: none;\"><a href=\"https:\/\/actio-catholica.hu\/index.php\/sutto-szilard-korrekciok-es-kiegeszitesek-kozepkori-hadtortenetunkhoz\" target=\"_blank\" rel=\"noopener\"> <img loading=\"lazy\" decoding=\"async\" class=\"aligncenter size-full wp-image-3333\" src=\"https:\/\/actio-catholica.hu\/wp-content\/uploads\/2021\/10\/Korrekciok-es-kiegeszitesek-a-kozepkori-hadtortenetunkhoz-Front-side.png\" alt=\"\" width=\"642\" height=\"909\" srcset=\"https:\/\/actio-catholica.hu\/wp-content\/uploads\/2021\/10\/Korrekciok-es-kiegeszitesek-a-kozepkori-hadtortenetunkhoz-Front-side.png 642w, https:\/\/actio-catholica.hu\/wp-content\/uploads\/2021\/10\/Korrekciok-es-kiegeszitesek-a-kozepkori-hadtortenetunkhoz-Front-side-212x300.png 212w\" sizes=\"auto, (max-width: 642px) 100vw, 642px\" \/><\/a><\/td>\n<td style=\"width: 33.3333%; border-style: none;\">\u00a0<\/td>\n<\/tr>\n<tr>\n<td style=\"width: 33.3333%; text-align: center; border-style: none;\"><div class=\"ead-preview\"><div class=\"ead-document\" style=\"position: relative;padding-top: 90%;\"><div class=\"ead-iframe-wrapper\"><iframe src=\"\/\/docs.google.com\/viewer?url=https%3A%2F%2Factio-catholica.hu%2Fwp-content%2Fuploads%2F2023%2F02%2FDer-Dynastiewechsel-Anjou%E2%80%93Luxemburg-in-Ungarn.pdf&amp;embedded=true&amp;hl=en\" title=\"Embedded Document\" class=\"ead-iframe\" style=\"width: 100%;height: 100%;border: none;position: absolute;left: 0;top: 0;visibility: hidden;\"><\/iframe><\/div>\t\t\t<div class=\"ead-document-loading\" style=\"width:100%;height:100%;position:absolute;left:0;top:0;z-index:10;\">\n\t\t\t\t<div class=\"ead-loading-wrap\">\n\t\t\t\t\t<div class=\"ead-loading-main\">\n\t\t\t\t\t\t<div class=\"ead-loading\">\n\t\t\t\t\t\t\t<img loading=\"lazy\" decoding=\"async\" src=\"https:\/\/actio-catholica.hu\/wp-content\/plugins\/embed-any-document\/images\/loading.svg\" width=\"55\" height=\"55\" alt=\"Loader\">\n\t\t\t\t\t\t\t<span>Loading...<\/span>\n\t\t\t\t\t\t<\/div>\n\t\t\t\t\t<\/div>\n\t\t\t\t\t<div class=\"ead-loading-foot\">\n\t\t\t\t\t\t<div class=\"ead-loading-foot-title\">\n\t\t\t\t\t\t\t<img loading=\"lazy\" decoding=\"async\" src=\"https:\/\/actio-catholica.hu\/wp-content\/plugins\/embed-any-document\/images\/EAD-logo.svg\" alt=\"EAD Logo\" width=\"36\" height=\"23\"\/>\n\t\t\t\t\t\t\t<span>Taking too long?<\/span>\n\t\t\t\t\t\t<\/div>\n\t\t\t\t\t\t<p>\n\t\t\t\t\t\t\t<div class=\"ead-document-btn ead-reload-btn\" role=\"button\">\n\t\t\t\t\t\t\t\t<img loading=\"lazy\" decoding=\"async\" src=\"https:\/\/actio-catholica.hu\/wp-content\/plugins\/embed-any-document\/images\/reload.svg\" alt=\"Reload\" width=\"12\" height=\"12\"\/> Reload document\t\t\t\t\t\t\t<\/div>\n\t\t\t\t\t\t\t<span>|<\/span>\n\t\t\t\t\t\t\t<a href=\"https:\/\/actio-catholica.hu\/wp-content\/uploads\/2023\/02\/Der-Dynastiewechsel-Anjou\u2013Luxemburg-in-Ungarn.pdf\" class=\"ead-document-btn\" target=\"_blank\">\n\t\t\t\t\t\t\t\t<img loading=\"lazy\" decoding=\"async\" src=\"https:\/\/actio-catholica.hu\/wp-content\/plugins\/embed-any-document\/images\/open.svg\" alt=\"Open\" width=\"12\" height=\"12\"\/> Open in new tab\t\t\t\t\t\t\t<\/a>\n\t\t\t\t\t<\/div>\n\t\t\t\t<\/div>\n\t\t\t<\/div>\n\t\t<\/div><p class=\"embed_download\"><a href=\"https:\/\/actio-catholica.hu\/wp-content\/uploads\/2023\/02\/Der-Dynastiewechsel-Anjou\u2013Luxemburg-in-Ungarn.pdf\" download>Let\u00f6lt\u00e9s <\/a><\/p><\/div><\/td>\n<td style=\"width: 33.3333%; text-align: center; border-style: none;\"><div class=\"ead-preview\"><div class=\"ead-document\" style=\"position: relative;padding-top: 90%;\"><div class=\"ead-iframe-wrapper\"><iframe src=\"\/\/docs.google.com\/viewer?url=https%3A%2F%2Factio-catholica.hu%2Fwp-content%2Fuploads%2F2023%2F02%2FOkmanyi-kalaszat-a-becsi-Erdody-leveltarbol.-%E2%80%93-Keso-Anjou-kori-es-egyeb-oklevelek-1244%E2%80%931400..pdf&amp;embedded=true&amp;hl=en\" title=\"Embedded Document\" class=\"ead-iframe\" style=\"width: 100%;height: 100%;border: none;position: absolute;left: 0;top: 0;visibility: hidden;\"><\/iframe><\/div>\t\t\t<div class=\"ead-document-loading\" style=\"width:100%;height:100%;position:absolute;left:0;top:0;z-index:10;\">\n\t\t\t\t<div class=\"ead-loading-wrap\">\n\t\t\t\t\t<div class=\"ead-loading-main\">\n\t\t\t\t\t\t<div class=\"ead-loading\">\n\t\t\t\t\t\t\t<img loading=\"lazy\" decoding=\"async\" src=\"https:\/\/actio-catholica.hu\/wp-content\/plugins\/embed-any-document\/images\/loading.svg\" width=\"55\" height=\"55\" alt=\"Loader\">\n\t\t\t\t\t\t\t<span>Loading...<\/span>\n\t\t\t\t\t\t<\/div>\n\t\t\t\t\t<\/div>\n\t\t\t\t\t<div class=\"ead-loading-foot\">\n\t\t\t\t\t\t<div class=\"ead-loading-foot-title\">\n\t\t\t\t\t\t\t<img loading=\"lazy\" decoding=\"async\" src=\"https:\/\/actio-catholica.hu\/wp-content\/plugins\/embed-any-document\/images\/EAD-logo.svg\" alt=\"EAD Logo\" width=\"36\" height=\"23\"\/>\n\t\t\t\t\t\t\t<span>Taking too long?<\/span>\n\t\t\t\t\t\t<\/div>\n\t\t\t\t\t\t<p>\n\t\t\t\t\t\t\t<div class=\"ead-document-btn ead-reload-btn\" role=\"button\">\n\t\t\t\t\t\t\t\t<img loading=\"lazy\" decoding=\"async\" src=\"https:\/\/actio-catholica.hu\/wp-content\/plugins\/embed-any-document\/images\/reload.svg\" alt=\"Reload\" width=\"12\" height=\"12\"\/> Reload document\t\t\t\t\t\t\t<\/div>\n\t\t\t\t\t\t\t<span>|<\/span>\n\t\t\t\t\t\t\t<a href=\"https:\/\/actio-catholica.hu\/wp-content\/uploads\/2023\/02\/Okmanyi-kalaszat-a-becsi-Erdody-leveltarbol.-\u2013-Keso-Anjou-kori-es-egyeb-oklevelek-1244\u20131400..pdf\" class=\"ead-document-btn\" target=\"_blank\">\n\t\t\t\t\t\t\t\t<img loading=\"lazy\" decoding=\"async\" src=\"https:\/\/actio-catholica.hu\/wp-content\/plugins\/embed-any-document\/images\/open.svg\" alt=\"Open\" width=\"12\" height=\"12\"\/> Open in new tab\t\t\t\t\t\t\t<\/a>\n\t\t\t\t\t<\/div>\n\t\t\t\t<\/div>\n\t\t\t<\/div>\n\t\t<\/div><p class=\"embed_download\"><a href=\"https:\/\/actio-catholica.hu\/wp-content\/uploads\/2023\/02\/Okmanyi-kalaszat-a-becsi-Erdody-leveltarbol.-\u2013-Keso-Anjou-kori-es-egyeb-oklevelek-1244\u20131400..pdf\" download>Let\u00f6lt\u00e9s <\/a><\/p><\/div><\/td>\n<td style=\"width: 33.3333%; text-align: center; border-style: none;\"><div class=\"ead-preview\"><div class=\"ead-document\" style=\"position: relative;padding-top: 90%;\"><div class=\"ead-iframe-wrapper\"><iframe src=\"\/\/docs.google.com\/viewer?url=https%3A%2F%2Factio-catholica.hu%2Fwp-content%2Fuploads%2F2023%2F02%2FSep_Solymosi_Sutto.Sz_.pdf&amp;embedded=true&amp;hl=en\" title=\"Embedded Document\" class=\"ead-iframe\" style=\"width: 100%;height: 100%;border: none;position: absolute;left: 0;top: 0;visibility: hidden;\"><\/iframe><\/div>\t\t\t<div class=\"ead-document-loading\" style=\"width:100%;height:100%;position:absolute;left:0;top:0;z-index:10;\">\n\t\t\t\t<div class=\"ead-loading-wrap\">\n\t\t\t\t\t<div class=\"ead-loading-main\">\n\t\t\t\t\t\t<div class=\"ead-loading\">\n\t\t\t\t\t\t\t<img loading=\"lazy\" decoding=\"async\" src=\"https:\/\/actio-catholica.hu\/wp-content\/plugins\/embed-any-document\/images\/loading.svg\" width=\"55\" height=\"55\" alt=\"Loader\">\n\t\t\t\t\t\t\t<span>Loading...<\/span>\n\t\t\t\t\t\t<\/div>\n\t\t\t\t\t<\/div>\n\t\t\t\t\t<div class=\"ead-loading-foot\">\n\t\t\t\t\t\t<div class=\"ead-loading-foot-title\">\n\t\t\t\t\t\t\t<img loading=\"lazy\" decoding=\"async\" src=\"https:\/\/actio-catholica.hu\/wp-content\/plugins\/embed-any-document\/images\/EAD-logo.svg\" alt=\"EAD Logo\" width=\"36\" height=\"23\"\/>\n\t\t\t\t\t\t\t<span>Taking too long?<\/span>\n\t\t\t\t\t\t<\/div>\n\t\t\t\t\t\t<p>\n\t\t\t\t\t\t\t<div class=\"ead-document-btn ead-reload-btn\" role=\"button\">\n\t\t\t\t\t\t\t\t<img loading=\"lazy\" decoding=\"async\" src=\"https:\/\/actio-catholica.hu\/wp-content\/plugins\/embed-any-document\/images\/reload.svg\" alt=\"Reload\" width=\"12\" height=\"12\"\/> Reload document\t\t\t\t\t\t\t<\/div>\n\t\t\t\t\t\t\t<span>|<\/span>\n\t\t\t\t\t\t\t<a href=\"https:\/\/actio-catholica.hu\/wp-content\/uploads\/2023\/02\/Sep_Solymosi_Sutto.Sz_.pdf\" class=\"ead-document-btn\" target=\"_blank\">\n\t\t\t\t\t\t\t\t<img loading=\"lazy\" decoding=\"async\" src=\"https:\/\/actio-catholica.hu\/wp-content\/plugins\/embed-any-document\/images\/open.svg\" alt=\"Open\" width=\"12\" height=\"12\"\/> Open in new tab\t\t\t\t\t\t\t<\/a>\n\t\t\t\t\t<\/div>\n\t\t\t\t<\/div>\n\t\t\t<\/div>\n\t\t<\/div><p class=\"embed_download\"><a href=\"https:\/\/actio-catholica.hu\/wp-content\/uploads\/2023\/02\/Sep_Solymosi_Sutto.Sz_.pdf\" download>Let\u00f6lt\u00e9s [550.26 KB] <\/a><\/p><\/div><\/td>\n<\/tr>\n<tr>\n<td style=\"width: 33.3333%; text-align: center; border-style: none;\"><div class=\"ead-preview\"><div class=\"ead-document\" style=\"position: relative;padding-top: 90%;\"><div class=\"ead-iframe-wrapper\"><iframe src=\"\/\/docs.google.com\/viewer?url=https%3A%2F%2Factio-catholica.hu%2Fwp-content%2Fuploads%2F2023%2F02%2FCudar-szerecsenmosdatas-Gesta-XIX-2022-ISSN_1417-2569-5-22.pdf&amp;embedded=true&amp;hl=en\" title=\"Embedded Document\" class=\"ead-iframe\" style=\"width: 100%;height: 100%;border: none;position: absolute;left: 0;top: 0;visibility: hidden;\"><\/iframe><\/div>\t\t\t<div class=\"ead-document-loading\" style=\"width:100%;height:100%;position:absolute;left:0;top:0;z-index:10;\">\n\t\t\t\t<div class=\"ead-loading-wrap\">\n\t\t\t\t\t<div class=\"ead-loading-main\">\n\t\t\t\t\t\t<div class=\"ead-loading\">\n\t\t\t\t\t\t\t<img loading=\"lazy\" decoding=\"async\" src=\"https:\/\/actio-catholica.hu\/wp-content\/plugins\/embed-any-document\/images\/loading.svg\" width=\"55\" height=\"55\" alt=\"Loader\">\n\t\t\t\t\t\t\t<span>Loading...<\/span>\n\t\t\t\t\t\t<\/div>\n\t\t\t\t\t<\/div>\n\t\t\t\t\t<div class=\"ead-loading-foot\">\n\t\t\t\t\t\t<div class=\"ead-loading-foot-title\">\n\t\t\t\t\t\t\t<img loading=\"lazy\" decoding=\"async\" src=\"https:\/\/actio-catholica.hu\/wp-content\/plugins\/embed-any-document\/images\/EAD-logo.svg\" alt=\"EAD Logo\" width=\"36\" height=\"23\"\/>\n\t\t\t\t\t\t\t<span>Taking too long?<\/span>\n\t\t\t\t\t\t<\/div>\n\t\t\t\t\t\t<p>\n\t\t\t\t\t\t\t<div class=\"ead-document-btn ead-reload-btn\" role=\"button\">\n\t\t\t\t\t\t\t\t<img loading=\"lazy\" decoding=\"async\" src=\"https:\/\/actio-catholica.hu\/wp-content\/plugins\/embed-any-document\/images\/reload.svg\" alt=\"Reload\" width=\"12\" height=\"12\"\/> Reload document\t\t\t\t\t\t\t<\/div>\n\t\t\t\t\t\t\t<span>|<\/span>\n\t\t\t\t\t\t\t<a href=\"https:\/\/actio-catholica.hu\/wp-content\/uploads\/2023\/02\/Cudar-szerecsenmosdatas-Gesta-XIX-2022-ISSN_1417-2569-5-22.pdf\" class=\"ead-document-btn\" target=\"_blank\">\n\t\t\t\t\t\t\t\t<img loading=\"lazy\" decoding=\"async\" src=\"https:\/\/actio-catholica.hu\/wp-content\/plugins\/embed-any-document\/images\/open.svg\" alt=\"Open\" width=\"12\" height=\"12\"\/> Open in new tab\t\t\t\t\t\t\t<\/a>\n\t\t\t\t\t<\/div>\n\t\t\t\t<\/div>\n\t\t\t<\/div>\n\t\t<\/div><p class=\"embed_download\"><a href=\"https:\/\/actio-catholica.hu\/wp-content\/uploads\/2023\/02\/Cudar-szerecsenmosdatas-Gesta-XIX-2022-ISSN_1417-2569-5-22.pdf\" download>Let\u00f6lt\u00e9s [504.61 KB] <\/a><\/p><\/div><\/td>\n<td style=\"width: 33.3333%; text-align: center; border-style: none;\">\u00a0<\/td>\n<td style=\"width: 33.3333%; text-align: center; border-style: none;\">\u00a0<\/td>\n<\/tr>\n<tr>\n<td style=\"width: 33.3333%; text-align: center; border-style: none;\">\u00a0<\/td>\n<td style=\"width: 33.3333%; text-align: center; border-style: none;\">\u00a0<\/td>\n<td style=\"width: 33.3333%; text-align: center; border-style: none;\">\u00a0<\/td>\n<\/tr>\n<\/tbody>\n<\/table>\n<p><img loading=\"lazy\" decoding=\"async\" class=\"alignright  wp-image-3335\" src=\"https:\/\/actio-catholica.hu\/wp-content\/uploads\/2021\/10\/Dr.-Sutto-Szilard.jpg\" alt=\"\" width=\"107\" height=\"135\" srcset=\"https:\/\/actio-catholica.hu\/wp-content\/uploads\/2021\/10\/Dr.-Sutto-Szilard.jpg 390w, https:\/\/actio-catholica.hu\/wp-content\/uploads\/2021\/10\/Dr.-Sutto-Szilard-237x300.jpg 237w\" sizes=\"auto, (max-width: 107px) 100vw, 107px\" \/><\/p>\n<table class=\" alignleft\" style=\"width: 85%;\" width=\"85%\" align=\"center\" bgcolor=\"#4F74B0\">\n<tbody>\n<tr>\n<td class=\"style101\" style=\"width: 60.2176%;\" align=\"left\"><span style=\"font-size: x-large; color: #ffffff;\">Dr. S\u00fctt\u0151 Szil\u00e1rd egyetemi docens<\/span><\/td>\n<td class=\"style103\" style=\"width: 16.5192%;\" align=\"right\"><span style=\"color: #ffffff;\">Publik\u00e1ci\u00f3k<\/span><\/td>\n<\/tr>\n<\/tbody>\n<\/table>\n<h4>Folyamatosan friss\u00edtve:<\/h4>\n<p style=\"padding-left: 40px;\"><a href=\"https:\/\/m2.mtmt.hu\/gui2\/?type=authors&amp;mode=browse&amp;sel=10022709&amp;paging=1;1000\" target=\"_blank\" rel=\"noopener\">https:\/\/m2.mtmt.hu\/gui2\/?type=authors&amp;mode=browse&amp;sel=10022709&amp;amp;paging=1;1000<\/a><\/p>\n","protected":false},"excerpt":{"rendered":"<p>Olvashat\u00f3 (nem let\u00f6lthet\u0151) \u00edr\u00e1sok \u00a0 \u00a0 \u00a0 \u00a0 \u00a0 \u00a0 \u00a0 Dr. S\u00fctt\u0151 Szil\u00e1rd egyetemi docens Publik\u00e1ci\u00f3k Folyamatosan friss\u00edtve: https:\/\/m2.mtmt.hu\/gui2\/?type=authors&amp;mode=browse&amp;sel=10022709&amp;amp;paging=1;1000<\/p>\n","protected":false},"author":3,"featured_media":0,"parent":0,"menu_order":0,"comment_status":"closed","ping_status":"closed","template":"","meta":{"h5ap_radio_sources":[],"footnotes":""},"class_list":["post-3329","page","type-page","status-publish","hentry"],"_links":{"self":[{"href":"https:\/\/actio-catholica.hu\/index.php\/wp-json\/wp\/v2\/pages\/3329","targetHints":{"allow":["GET"]}}],"collection":[{"href":"https:\/\/actio-catholica.hu\/index.php\/wp-json\/wp\/v2\/pages"}],"about":[{"href":"https:\/\/actio-catholica.hu\/index.php\/wp-json\/wp\/v2\/types\/page"}],"author":[{"embeddable":true,"href":"https:\/\/actio-catholica.hu\/index.php\/wp-json\/wp\/v2\/users\/3"}],"replies":[{"embeddable":true,"href":"https:\/\/actio-catholica.hu\/index.php\/wp-json\/wp\/v2\/comments?post=3329"}],"version-history":[{"count":17,"href":"https:\/\/actio-catholica.hu\/index.php\/wp-json\/wp\/v2\/pages\/3329\/revisions"}],"predecessor-version":[{"id":5266,"href":"https:\/\/actio-catholica.hu\/index.php\/wp-json\/wp\/v2\/pages\/3329\/revisions\/5266"}],"wp:attachment":[{"href":"https:\/\/actio-catholica.hu\/index.php\/wp-json\/wp\/v2\/media?parent=3329"}],"curies":[{"name":"wp","href":"https:\/\/api.w.org\/{rel}","templated":true}]}}