{"id":3865,"date":"2022-09-22T09:00:59","date_gmt":"2022-09-22T07:00:59","guid":{"rendered":"https:\/\/actio-catholica.hu\/?page_id=3865"},"modified":"2022-09-25T16:04:42","modified_gmt":"2022-09-25T14:04:42","slug":"kardinal-mindszenty-zarandoklatok-szentbeszedei-2020","status":"publish","type":"page","link":"https:\/\/actio-catholica.hu\/index.php\/kardinal-mindszenty-zarandoklatok-szentbeszedei-2020\/","title":{"rendered":"Kardin\u00e1l Mindszenty zar\u00e1ndoklatok szentbesz\u00e9dei [2020-]"},"content":{"rendered":"<h1 style=\"text-align: center;\"><span style=\"font-size: 36px;\"><strong>Mindszenty zar\u00e1ndoklatok szentbesz\u00e9dei<\/strong><\/span><\/h1>\n<h3 style=\"text-align: center;\"><strong>2020 &#8211; 2022<\/strong><\/h3>\n<p style=\"text-align: justify;\"><img loading=\"lazy\" decoding=\"async\" class=\"alignright  wp-image-3488\" src=\"https:\/\/actio-catholica.hu\/wp-content\/uploads\/2021\/12\/Mindszenty-300x219.jpg\" alt=\"\" width=\"284\" height=\"207\" srcset=\"https:\/\/actio-catholica.hu\/wp-content\/uploads\/2021\/12\/Mindszenty-300x219.jpg 300w, https:\/\/actio-catholica.hu\/wp-content\/uploads\/2021\/12\/Mindszenty-768x561.jpg 768w, https:\/\/actio-catholica.hu\/wp-content\/uploads\/2021\/12\/Mindszenty.jpg 850w\" sizes=\"auto, (max-width: 284px) 100vw, 284px\" \/>A <strong>Pro Missa Tridentina Alap\u00edtv\u00e1ny<\/strong> [alap\u00edt\u00e1skori nev\u00e9n: Actio Catholica Alap\u00edtv\u00e1ny] el\u0151sz\u00f6r 2020. szeptember els\u0151 h\u00e9tv\u00e9g\u00e9j\u00e9n szervezte meg a gyalogos, Mindszenty zar\u00e1ndoklat\u00e1t. Az els\u0151 k\u00e9t alkalommal Fels\u0151pet\u00e9nyben volt a zar\u00e1ndoklat v\u00e9ge (az indul\u00e1si pont pedig Bercel, illetve Magyarn\u00e1ndor volt), \u00e9s a szentmise bemutat\u00e1sa. Az\u00e9rt Fels\u0151pet\u00e9nyben, mert az ott tal\u00e1lhat\u00f3 Alm\u00e1ssy kast\u00e9lyban \u0151rizt\u00e9k a b\u00edboros urat, am\u00edg 1956-ban a forradalomban ki nem szabad\u00edtott\u00e1k.<\/p>\n<p style=\"text-align: justify;\">2022-ben mind a kiindul\u00e1si pontot (Pilisszentkereszt), mind a c\u00e9lpontot (Esztergom &#8211; tervezett misehelysz\u00edn: Mindszenty szobor) \u00e1tett\u00fck N\u00f3gr\u00e1d megy\u00e9b\u0151l. A gyalogos t\u00e1vols\u00e1g mind a h\u00e1rom esetben 20-22km k\u00f6z\u00f6tt k\u00f6z\u00f6tt volt.<\/p>\n<p style=\"text-align: justify;\"><img loading=\"lazy\" decoding=\"async\" class=\"aligncenter size-large wp-image-3858\" src=\"https:\/\/actio-catholica.hu\/wp-content\/uploads\/2022\/09\/IMG_20220903_173754-1024x473.jpg\" alt=\"\" width=\"844\" height=\"390\" srcset=\"https:\/\/actio-catholica.hu\/wp-content\/uploads\/2022\/09\/IMG_20220903_173754-1024x473.jpg 1024w, https:\/\/actio-catholica.hu\/wp-content\/uploads\/2022\/09\/IMG_20220903_173754-300x139.jpg 300w, https:\/\/actio-catholica.hu\/wp-content\/uploads\/2022\/09\/IMG_20220903_173754-768x355.jpg 768w, https:\/\/actio-catholica.hu\/wp-content\/uploads\/2022\/09\/IMG_20220903_173754.jpg 1156w\" sizes=\"auto, (max-width: 844px) 100vw, 844px\" \/>A 2023-s zar\u00e1ndoklatunk m\u00e1r tervez\u00e9s alatt van, a kiindul\u00e1si \u00e9s \u00e9rkez\u00e9si pont nagyj\u00e1b\u00f3l meghat\u00e1roz\u00e1sra ker\u00fclt, de csak egy dolog biztos, hogy: 2023. szeptember 2.-n (els\u0151 szombat &#8211; Szent Istv\u00e1n kir\u00e1ly \u00e9s hitvall\u00f3 [1960-s misek\u00f6nyv szerinti \u00fcnnep\u00e9n] fogjuk megtartani.<\/p>\n<h3>Ezen az oldalon az eddigi h\u00e1rom szentmise pr\u00e9dik\u00e1ci\u00f3ja \u00e9rhet\u0151 el:<\/h3>\n<ol>\n<li>\n<h5><a href=\"\/\/actio-catholica.hu\/index.php\/2022\/09\/22\/a-mindszenty-47-zarandoklat-szentbeszede-2021-09-03\" target=\"_blank\" rel=\"noopener\">2022. szeptember 3.<\/a><\/h5>\n<\/li>\n<li>\n<h5><a href=\"\/\/actio-catholica.hu\/index.php\/2021\/09\/06\/a-mindszenty-46-zarandoklat-szentbeszede-2021-09-04\" target=\"_blank\" rel=\"noopener\">2021. szeptember 4.<\/a><\/h5>\n<\/li>\n<li>\n<h5><a href=\"http:\/\/%20https:\/\/actio-catholica.hu\/index.php\/2020\/09\/15\/a-mindszenty-45-zarandoklat-szentbeszede\" target=\"_blank\" rel=\"noopener\">2020. szeptember 5.<\/a><\/h5>\n<\/li>\n<\/ol>\n","protected":false},"excerpt":{"rendered":"<p>Mindszenty zar\u00e1ndoklatok szentbesz\u00e9dei 2020 &#8211; 2022 A Pro Missa Tridentina Alap\u00edtv\u00e1ny [alap\u00edt\u00e1skori nev\u00e9n: Actio Catholica Alap\u00edtv\u00e1ny] el\u0151sz\u00f6r 2020. szeptember els\u0151 h\u00e9tv\u00e9g\u00e9j\u00e9n szervezte meg a gyalogos, Mindszenty zar\u00e1ndoklat\u00e1t. Az els\u0151 k\u00e9t alkalommal Fels\u0151pet\u00e9nyben volt a zar\u00e1ndoklat v\u00e9ge (az indul\u00e1si pont pedig Bercel, illetve Magyarn\u00e1ndor volt), \u00e9s a szentmise bemutat\u00e1sa. Az\u00e9rt Fels\u0151pet\u00e9nyben, mert az ott tal\u00e1lhat\u00f3 Alm\u00e1ssy [&hellip;]<\/p>\n","protected":false},"author":3,"featured_media":0,"parent":0,"menu_order":0,"comment_status":"closed","ping_status":"closed","template":"","meta":{"h5ap_radio_sources":[],"footnotes":""},"class_list":["post-3865","page","type-page","status-publish","hentry"],"_links":{"self":[{"href":"https:\/\/actio-catholica.hu\/index.php\/wp-json\/wp\/v2\/pages\/3865","targetHints":{"allow":["GET"]}}],"collection":[{"href":"https:\/\/actio-catholica.hu\/index.php\/wp-json\/wp\/v2\/pages"}],"about":[{"href":"https:\/\/actio-catholica.hu\/index.php\/wp-json\/wp\/v2\/types\/page"}],"author":[{"embeddable":true,"href":"https:\/\/actio-catholica.hu\/index.php\/wp-json\/wp\/v2\/users\/3"}],"replies":[{"embeddable":true,"href":"https:\/\/actio-catholica.hu\/index.php\/wp-json\/wp\/v2\/comments?post=3865"}],"version-history":[{"count":6,"href":"https:\/\/actio-catholica.hu\/index.php\/wp-json\/wp\/v2\/pages\/3865\/revisions"}],"predecessor-version":[{"id":3873,"href":"https:\/\/actio-catholica.hu\/index.php\/wp-json\/wp\/v2\/pages\/3865\/revisions\/3873"}],"wp:attachment":[{"href":"https:\/\/actio-catholica.hu\/index.php\/wp-json\/wp\/v2\/media?parent=3865"}],"curies":[{"name":"wp","href":"https:\/\/api.w.org\/{rel}","templated":true}]}}