{"id":3957,"date":"2026-03-22T11:30:34","date_gmt":"2026-03-22T10:30:34","guid":{"rendered":"https:\/\/actio-catholica.hu\/?page_id=3957"},"modified":"2026-03-22T11:31:32","modified_gmt":"2026-03-22T10:31:32","slug":"minden-az-fsspx-rol","status":"publish","type":"page","link":"https:\/\/actio-catholica.hu\/index.php\/minden-az-fsspx-rol\/","title":{"rendered":"Minden az FSSPX-r\u0151l"},"content":{"rendered":"<h1 style=\"text-align: center;\"><img loading=\"lazy\" decoding=\"async\" class=\"alignright size-full wp-image-2966\" src=\"https:\/\/actio-catholica.hu\/wp-content\/uploads\/2021\/06\/2-Vizjel-logo.png\" alt=\"\" width=\"200\" height=\"200\" srcset=\"https:\/\/actio-catholica.hu\/wp-content\/uploads\/2021\/06\/2-Vizjel-logo.png 200w, https:\/\/actio-catholica.hu\/wp-content\/uploads\/2021\/06\/2-Vizjel-logo-150x150.png 150w\" sizes=\"auto, (max-width: 200px) 100vw, 200px\" \/>Magyar\u00e1z\u00f3 \u00edr\u00e1sok az FSSPX-r\u0151l terjesztett igaztalans\u00e1gokkal (hazugs\u00e1gokkal) kapcsolatban<\/h1>\n<ol>\n<li>\n<h4><span style=\"font-size: 12pt;\"><a href=\"https:\/\/actio-catholica.hu\/index.php\/2020\/11\/24\/tevedesek-csusztatasok-es-hazugsagok-az-fsspx-rol\/\" target=\"_blank\" rel=\"noopener\"><span style=\"font-size: 20px;\">T\u00e9ved\u00e9sek, hazugs\u00e1gok, cs\u00fasztat\u00e1sok az FSSPX-r\u0151l<\/span><\/a><\/span><\/h4>\n<\/li>\n<li>\n<h4><span style=\"font-size: 20px;\"><a href=\"https:\/\/actio-catholica.hu\/index.php\/2021\/07\/26\/pater-pagliarani-levele-a-traditionis-custodes-kezdetu-motu-propriorol\/\" target=\"_blank\" rel=\"noopener\">Pater Pagliarani levele a \u201cTraditionis custodes\u201d kezdet\u0171 motu proprior\u00f3l<\/a><\/span><\/h4>\n<\/li>\n<li>\n<h4><a class=\"row-title\" href=\"https:\/\/actio-catholica.hu\/index.php\/2022\/10\/31\/az-sspx-kritikusai-nem-kovetik-a-szentszeket-egy-vita-befejezese\" aria-label=\"\u201cAz SSPX kritikusai nem k\u00f6vetik a Szentsz\u00e9ket \u2013 Egy vita befejez\u00e9se\u201d (Szerkeszt\u00e9s)\"><span style=\"font-size: 20px;\">Az SSPX kritikusai nem k\u00f6vetik a Szentsz\u00e9ket \u2013 Egy vita befejez\u00e9se<\/span><\/a><\/h4>\n<\/li>\n<li>\n<h4><a href=\"https:\/\/actio-catholica.hu\/index.php\/2022\/11\/08\/schneider-puspok-ismet-az-sspx-vedelmere-kelt\" target=\"_blank\" rel=\"noopener\"><span style=\"font-size: 20px;\">Schneider p\u00fcsp\u00f6k ism\u00e9t az SSPX v\u00e9delm\u00e9re kelt<\/span><\/a><\/h4>\n<\/li>\n<li>\n<h4><a class=\"row-title\" href=\"https:\/\/actio-catholica.hu\/index.php\/2022\/09\/22\/schneider-megengedett-a-ferfiak-szamara-a-szent-x-pius-papi-testveriseg-szeminariumaiba-valo-belepes\" aria-label=\"\u201cSchneider: megengedett a f\u00e9rfiak sz\u00e1m\u00e1ra a Szent X. Pius Papi Testv\u00e9ris\u00e9g szemin\u00e1riumaiba val\u00f3 bel\u00e9p\u00e9s\u201d (Szerkeszt\u00e9s)\">Schneider: megengedett a f\u00e9rfiak sz\u00e1m\u00e1ra a Szent X. Pius Papi Testv\u00e9ris\u00e9g szemin\u00e1riumaiba val\u00f3 bel\u00e9p\u00e9s<\/a><\/h4>\n<\/li>\n<li>\n<h4><span style=\"font-size: 20px;\"><a class=\"row-title\" href=\"https:\/\/actio-catholica.hu\/index.php\/2022\/10\/31\/erkolcsileg-miert-szabad-reszt-venni-a-szent-x-pius-tarsasag-altal-celebralt-szentmisen\" aria-label=\"\u201cErk\u00f6lcsileg mi\u00e9rt szabad r\u00e9szt venni a Szent X. Pius T\u00e1rsas\u00e1g \u00e1ltal celebr\u00e1lt szentmis\u00e9n?\u201d (Szerkeszt\u00e9s)\">Erk\u00f6lcsileg mi\u00e9rt szabad r\u00e9szt venni a Szent X. Pius T\u00e1rsas\u00e1g \u00e1ltal celebr\u00e1lt szentmis\u00e9n?<\/a><\/span><\/h4>\n<\/li>\n<li>\n<h4><a class=\"row-title\" href=\"https:\/\/actio-catholica.hu\/index.php\/2022\/10\/31\/ertekezes-a-papi-kozosseg-kanonjogi-helyzeterol\" aria-label=\"\u201c\u00c9rtekez\u00e9s az FSSPX papi k\u00f6z\u00f6ss\u00e9g k\u00e1nonjogi helyzet\u00e9r\u0151l\u201d (Szerkeszt\u00e9s)\">\u00c9rtekez\u00e9s az FSSPX papi k\u00f6z\u00f6ss\u00e9g k\u00e1nonjogi helyzet\u00e9r\u0151l<\/a><\/h4>\n<\/li>\n<li>\n<h4><a class=\"row-title\" href=\"https:\/\/actio-catholica.hu\/index.php\/2022\/10\/31\/huonder-puspok-vallomasa-a-nagy-seb-1\" aria-label=\"\u201cHuonder p\u00fcsp\u00f6k vallom\u00e1sa: A nagy seb (1)\u201d (Szerkeszt\u00e9s)\">Huonder p\u00fcsp\u00f6k vallom\u00e1sa: A nagy seb (1)<\/a><\/h4>\n<\/li>\n<li>\n<h4><a class=\"row-title\" href=\"https:\/\/actio-catholica.hu\/index.php\/2022\/10\/31\/huonder-puspok-vallomasa-a-nagy-seb-2\" aria-label=\"\u201cHuonder p\u00fcsp\u00f6k vallom\u00e1sa: A nagy seb (1)\u201d (Szerkeszt\u00e9s)\">Huonder p\u00fcsp\u00f6k vallom\u00e1sa: A nagy seb (2)<\/a><\/h4>\n<\/li>\n<li>\n<h4><a class=\"row-title\" href=\"https:\/\/actio-catholica.hu\/index.php\/2022\/10\/31\/huonder-puspok-vallomasa-a-nagy-seb-3\" aria-label=\"\u201cHuonder p\u00fcsp\u00f6k vallom\u00e1sa: A nagy seb (1)\u201d (Szerkeszt\u00e9s)\">Huonder p\u00fcsp\u00f6k vallom\u00e1sa: A nagy seb (3)<\/a><\/h4>\n<\/li>\n<li>\n<h4><a href=\"https:\/\/actio-catholica.hu\/wp-content\/uploads\/2026\/03\/Egy-katolikus-ketsegei-az-SSPX-szel-kapcsolatban.pdf\" target=\"_blank\" rel=\"noopener\">Egy katolikus k\u00e9ts\u00e9gei az SSPX-szel kapcsolatban<\/a><\/h4>\n<\/li>\n<\/ol>\n<p>Fontos tudni, hogy: Atanasius Schneider \u00e9s Vitus Huonder p\u00fcsp\u00f6k\u00f6k a Vatik\u00e1n megb\u00edz\u00e1s\u00e1b\u00f3l tettek l\u00e1togat\u00e1st az FSSPX t\u00f6bb int\u00e9zm\u00e9ny\u00e9ben, t\u00f6bbek k\u00f6z\u00f6tt szemin\u00e1riumaiban, \u00e9s \u00edgy tett\u00e9k a meg\u00e1llap\u00edt\u00e1saikat.<\/p>\n<h2 style=\"text-align: center;\">Athanasius Schneider p\u00fcsp\u00f6k atya el\u0151ad\u00e1sa az FSSPX st\u00e1tusz\u00e1r\u00f3l 2022. m\u00e1jus\u00e1ban Budapesten:<\/h2>\n<p style=\"text-align: center;\"><code>[presto_player id=5331]<\/code><\/p>\n<p>A k\u00e9rdez\u0151 \u00e1ltal emlegetett papok nem tagjai, nem t\u00e1rsul papjai az FSSPX-nek!<\/p>\n","protected":false},"excerpt":{"rendered":"<p>Magyar\u00e1z\u00f3 \u00edr\u00e1sok az FSSPX-r\u0151l terjesztett igaztalans\u00e1gokkal (hazugs\u00e1gokkal) kapcsolatban T\u00e9ved\u00e9sek, hazugs\u00e1gok, cs\u00fasztat\u00e1sok az FSSPX-r\u0151l Pater Pagliarani levele a \u201cTraditionis custodes\u201d kezdet\u0171 motu proprior\u00f3l Az SSPX kritikusai nem k\u00f6vetik a Szentsz\u00e9ket \u2013 Egy vita befejez\u00e9se Schneider p\u00fcsp\u00f6k ism\u00e9t az SSPX v\u00e9delm\u00e9re kelt Schneider: megengedett a f\u00e9rfiak sz\u00e1m\u00e1ra a Szent X. Pius Papi Testv\u00e9ris\u00e9g szemin\u00e1riumaiba val\u00f3 bel\u00e9p\u00e9s Erk\u00f6lcsileg [&hellip;]<\/p>\n","protected":false},"author":3,"featured_media":0,"parent":0,"menu_order":0,"comment_status":"closed","ping_status":"closed","template":"","meta":{"h5ap_radio_sources":[],"footnotes":""},"class_list":["post-3957","page","type-page","status-publish","hentry"],"_links":{"self":[{"href":"https:\/\/actio-catholica.hu\/index.php\/wp-json\/wp\/v2\/pages\/3957","targetHints":{"allow":["GET"]}}],"collection":[{"href":"https:\/\/actio-catholica.hu\/index.php\/wp-json\/wp\/v2\/pages"}],"about":[{"href":"https:\/\/actio-catholica.hu\/index.php\/wp-json\/wp\/v2\/types\/page"}],"author":[{"embeddable":true,"href":"https:\/\/actio-catholica.hu\/index.php\/wp-json\/wp\/v2\/users\/3"}],"replies":[{"embeddable":true,"href":"https:\/\/actio-catholica.hu\/index.php\/wp-json\/wp\/v2\/comments?post=3957"}],"version-history":[{"count":10,"href":"https:\/\/actio-catholica.hu\/index.php\/wp-json\/wp\/v2\/pages\/3957\/revisions"}],"predecessor-version":[{"id":7329,"href":"https:\/\/actio-catholica.hu\/index.php\/wp-json\/wp\/v2\/pages\/3957\/revisions\/7329"}],"wp:attachment":[{"href":"https:\/\/actio-catholica.hu\/index.php\/wp-json\/wp\/v2\/media?parent=3957"}],"curies":[{"name":"wp","href":"https:\/\/api.w.org\/{rel}","templated":true}]}}