{"id":5252,"date":"2023-02-22T08:26:56","date_gmt":"2023-02-22T07:26:56","guid":{"rendered":"https:\/\/actio-catholica.hu\/?page_id=5252"},"modified":"2025-11-03T13:25:54","modified_gmt":"2025-11-03T12:25:54","slug":"teremtes-vagy-evolucio","status":"publish","type":"page","link":"https:\/\/actio-catholica.hu\/index.php\/teremtes-vagy-evolucio\/","title":{"rendered":"Teremt\u00e9s vagy evol\u00faci\u00f3"},"content":{"rendered":"<h1 style=\"text-align: center;\">Teremt\u00e9s vagy evol\u00faci\u00f3? &#8211; Darwin c\u00e1folata tudom\u00e1nyos alapokon<\/h1>\n<p><img loading=\"lazy\" decoding=\"async\" class=\"aligncenter size-full wp-image-5253\" src=\"https:\/\/actio-catholica.hu\/wp-content\/uploads\/2023\/02\/Teremtes.jpg\" alt=\"\" width=\"1024\" height=\"575\" srcset=\"https:\/\/actio-catholica.hu\/wp-content\/uploads\/2023\/02\/Teremtes.jpg 1024w, https:\/\/actio-catholica.hu\/wp-content\/uploads\/2023\/02\/Teremtes-300x168.jpg 300w, https:\/\/actio-catholica.hu\/wp-content\/uploads\/2023\/02\/Teremtes-768x431.jpg 768w\" sizes=\"auto, (max-width: 1024px) 100vw, 1024px\" \/><\/p>\n<ol>\n<li>\n<h3><a href=\"https:\/\/actio-catholica.hu\/index.php\/2020\/02\/21\/teremtes-vagy-evolucio-adatabrazolas-a-termeszetben\/\">Adat\u00e1br\u00e1zol\u00e1s a term\u00e9szetben<\/a> &#8211; matematikai\/informatikai [k\u00f3dol\u00e1s, sz\u00e1mrendszer] alapj\u00e1n<\/h3>\n<\/li>\n<li>\n<h3><a href=\"https:\/\/actio-catholica.hu\/index.php\/2021\/05\/28\/teremtes-es-letezes\/\">Teremt\u00e9s \u00e9s l\u00e9tez\u00e9s<\/a> &#8211; \u00e9p\u00edt\u0151m\u00e9rn\u00f6ki tudom\u00e1ny alapj\u00e1n<\/h3>\n<\/li>\n<li>\n<h3><a href=\"https:\/\/actio-catholica.hu\/index.php\/a-fizikusok-szerint-az-univerzum-nem-lehet-szimulacio-a-valosag-melyebb-mint-a-ter-es-az-ido\/\" target=\"_blank\" rel=\"noopener\">A fizikusok szerint az univerzum nem lehet szimul\u00e1ci\u00f3<\/a><\/h3>\n<\/li>\n<\/ol>\n","protected":false},"excerpt":{"rendered":"<p>Teremt\u00e9s vagy evol\u00faci\u00f3? &#8211; Darwin c\u00e1folata tudom\u00e1nyos alapokon Adat\u00e1br\u00e1zol\u00e1s a term\u00e9szetben &#8211; matematikai\/informatikai [k\u00f3dol\u00e1s, sz\u00e1mrendszer] alapj\u00e1n Teremt\u00e9s \u00e9s l\u00e9tez\u00e9s &#8211; \u00e9p\u00edt\u0151m\u00e9rn\u00f6ki tudom\u00e1ny alapj\u00e1n A fizikusok szerint az univerzum nem lehet szimul\u00e1ci\u00f3<\/p>\n","protected":false},"author":3,"featured_media":0,"parent":0,"menu_order":0,"comment_status":"closed","ping_status":"closed","template":"","meta":{"h5ap_radio_sources":[],"footnotes":""},"class_list":["post-5252","page","type-page","status-publish","hentry"],"_links":{"self":[{"href":"https:\/\/actio-catholica.hu\/index.php\/wp-json\/wp\/v2\/pages\/5252","targetHints":{"allow":["GET"]}}],"collection":[{"href":"https:\/\/actio-catholica.hu\/index.php\/wp-json\/wp\/v2\/pages"}],"about":[{"href":"https:\/\/actio-catholica.hu\/index.php\/wp-json\/wp\/v2\/types\/page"}],"author":[{"embeddable":true,"href":"https:\/\/actio-catholica.hu\/index.php\/wp-json\/wp\/v2\/users\/3"}],"replies":[{"embeddable":true,"href":"https:\/\/actio-catholica.hu\/index.php\/wp-json\/wp\/v2\/comments?post=5252"}],"version-history":[{"count":6,"href":"https:\/\/actio-catholica.hu\/index.php\/wp-json\/wp\/v2\/pages\/5252\/revisions"}],"predecessor-version":[{"id":7110,"href":"https:\/\/actio-catholica.hu\/index.php\/wp-json\/wp\/v2\/pages\/5252\/revisions\/7110"}],"wp:attachment":[{"href":"https:\/\/actio-catholica.hu\/index.php\/wp-json\/wp\/v2\/media?parent=5252"}],"curies":[{"name":"wp","href":"https:\/\/api.w.org\/{rel}","templated":true}]}}