{"id":5297,"date":"2023-02-24T16:15:46","date_gmt":"2023-02-24T15:15:46","guid":{"rendered":"https:\/\/actio-catholica.hu\/?page_id=5297"},"modified":"2023-02-24T16:11:15","modified_gmt":"2023-02-24T15:11:15","slug":"prohaszka-ottokar-puspok-osszes-muve","status":"publish","type":"page","link":"https:\/\/actio-catholica.hu\/index.php\/prohaszka-ottokar-puspok-osszes-muve\/","title":{"rendered":"Proh\u00e1szka Ottok\u00e1r p\u00fcsp\u00f6k \u00f6sszes m\u0171ve"},"content":{"rendered":"<h1 style=\"text-align: center;\">Proh\u00e1szka Ottok\u00e1r p\u00fcsp\u00f6k \u00f6sszes m\u0171ve<\/h1>\n<p><img loading=\"lazy\" decoding=\"async\" class=\"size-full wp-image-5298 alignright\" src=\"https:\/\/actio-catholica.hu\/wp-content\/uploads\/2023\/02\/Prohaszka_Ottokar.jpg\" alt=\"\" width=\"483\" height=\"609\" srcset=\"https:\/\/actio-catholica.hu\/wp-content\/uploads\/2023\/02\/Prohaszka_Ottokar.jpg 483w, https:\/\/actio-catholica.hu\/wp-content\/uploads\/2023\/02\/Prohaszka_Ottokar-238x300.jpg 238w\" sizes=\"auto, (max-width: 483px) 100vw, 483px\" \/><\/p>\n<ol>\n<li><a href=\"https:\/\/actio-catholica.hu\/wp-content\/uploads\/2023\/02\/01-Prohaszka-Isten-es-a-vilag-Termeszettudomanyok.pdf\">Isten \u00e9s a vil\u00e1g (Term\u00e9szettudom\u00e1nyok)<\/a><\/li>\n<li><a href=\"https:\/\/actio-catholica.hu\/wp-content\/uploads\/2023\/02\/02-Prohaszka-A-kereszteny-bunbanat-es-bunbocsanat.pdf\">A kereszt\u00e9ny b\u0171nb\u00e1nat \u00e9s b\u0171nbocs\u00e1nat<\/a><\/li>\n<li><a href=\"https:\/\/actio-catholica.hu\/wp-content\/uploads\/2023\/02\/03-Prohaszka-Fold-es-eg-Geologia-es-teologia-I.pdf\">F\u00f6ld \u00e9s \u00e9g &#8211; Geol\u00f3gia \u00e9s teol\u00f3gia &#8211; I.<\/a><\/li>\n<li><a href=\"https:\/\/actio-catholica.hu\/wp-content\/uploads\/2023\/02\/04-Prohaszka-Fold-es-eg-Geologia-es-teologia-II.pdf\">F\u00f6ld \u00e9s \u00e9g &#8211; Geol\u00f3gia \u00e9s teol\u00f3gia &#8211; II.<\/a><\/li>\n<li><a href=\"https:\/\/actio-catholica.hu\/wp-content\/uploads\/2023\/02\/05-Prohaszka-A-diadalmas-vilagnezet.pdf\">A diadalmas vil\u00e1gn\u00e9zet<\/a><\/li>\n<li><a href=\"https:\/\/actio-catholica.hu\/wp-content\/uploads\/2023\/02\/06-Prohaszka-Elmelkedesek-az-evangeliumrol-I.pdf\">Elm\u00e9lked\u00e9sek az evang\u00e9liumr\u00f3l I.<\/a><\/li>\n<li><a href=\"https:\/\/actio-catholica.hu\/wp-content\/uploads\/2023\/02\/07-Prohaszka-Elmelkedesek-az-evangeliumrol-II-Az-elo-vizek-forrasa.pdf\">Elm\u00e9lked\u00e9sek az evang\u00e9liumr\u00f3l II.<\/a><\/li>\n<li><a href=\"https:\/\/actio-catholica.hu\/wp-content\/uploads\/2023\/02\/08-Prohaszka-Magassagok-fele.pdf\">Magass\u00e1gok fel\u00e9<\/a><\/li>\n<li><a href=\"&quot;https:\/\/actio-catholica.hu\/wp-content\/uploads\/2023\/02\/09-Prohaszka-Vilagossag-a-sotetsegben-Pasztorlevelek.pdf\">Vil\u00e1goss\u00e1g a s\u00f6t\u00e9ts\u00e9gben &#8211; P\u00e1sztorlevelek<\/a><\/li>\n<li><a href=\"https:\/\/actio-catholica.hu\/wp-content\/uploads\/2023\/02\/10-Prohaszka-Korunk-lelke.pdf\">Korunk lelke<\/a><\/li>\n<li><a href=\"https:\/\/actio-catholica.hu\/wp-content\/uploads\/2023\/02\/11-Prohaszka-Kultura-es-terror-A-tarsadalmi-kerdes.pdf\">Kult\u00fara \u00e9s terror &#8211; A t\u00e1rsadalmi k\u00e9rd\u00e9s<\/a><\/li>\n<li><a href=\"https:\/\/actio-catholica.hu\/wp-content\/uploads\/2023\/02\/12-Prohaszka-Unnepnapok-Emlekezesek.pdf\">\u00dcnnepnapok &#8211; Eml\u00e9kez\u00e9sek<\/a><\/li>\n<li><a href=\"https:\/\/actio-catholica.hu\/wp-content\/uploads\/2023\/02\/13-Prohaszka-Utak-es-allomasok.pdf\">Utak \u00e9s \u00e1llom\u00e1sok<\/a><\/li>\n<li><a href=\"https:\/\/actio-catholica.hu\/wp-content\/uploads\/2023\/02\/14-Prohaszka-Az-elme-utjain-Bolcseleti-dolgozatok.pdf\">Az elme \u00fatjain &#8211; B\u00f6lcseleti dolgozatok<\/a><\/li>\n<li><a href=\"https:\/\/actio-catholica.hu\/wp-content\/uploads\/2023\/02\/15-Prohaszka-Hit-es-Esz-Hitvedelmi-dolgozatok.pdf\">Hit \u00e9s \u00c9sz &#8211; Hitv\u00e9delmi dolgozatok<\/a><\/li>\n<li><a href=\"https:\/\/actio-catholica.hu\/wp-content\/uploads\/2023\/02\/16-Prohaszka-Elet-Igei-I-Beszedek.pdf\">\u00c9let Ig\u00e9i I &#8211; Besz\u00e9dek<\/a><\/li>\n<li><a href=\"https:\/\/actio-catholica.hu\/wp-content\/uploads\/2023\/02\/17-Prohaszka-Elet-Igei-II-Az-Ur-unnepei.pdf\">\u00c9let Ig\u00e9i II &#8211; Az \u00dar \u00fcnnepei<\/a><\/li>\n<li><a href=\"https:\/\/actio-catholica.hu\/wp-content\/uploads\/2023\/02\/18-Prohaszka-Elet-Igei-III.pdf\">\u00c9let Ig\u00e9i III<\/a><\/li>\n<li><a href=\"https:\/\/actio-catholica.hu\/wp-content\/uploads\/2023\/02\/19-Prohaszka-Uj-elmelkedesek.pdf\">\u00daj elm\u00e9lked\u00e9sek<\/a><\/li>\n<li><a href=\"https:\/\/actio-catholica.hu\/wp-content\/uploads\/2023\/02\/20-Prohaszka-Az-Ur-hazaert.pdf\">Az \u00dar h\u00e1z\u00e1\u00e9rt<\/a><\/li>\n<li><a href=\"https:\/\/actio-catholica.hu\/wp-content\/uploads\/2023\/02\/21-Prohaszka-Az-igazsag-napszamaban.pdf\">Az igazs\u00e1g napsz\u00e1m\u00e1ban<\/a><\/li>\n<li><a href=\"https:\/\/actio-catholica.hu\/wp-content\/uploads\/2023\/02\/22-Prohaszka-Iranytu.pdf\">Ir\u00e1nyt\u0171<\/a><\/li>\n<li><a href=\"https:\/\/actio-catholica.hu\/wp-content\/uploads\/2023\/02\/23-Prohaszka-Soliloquia-I.pdf\">Soliloquia I<\/a><\/li>\n<li><a href=\"https:\/\/actio-catholica.hu\/wp-content\/uploads\/2023\/02\/24-Prohaszka-Soliloquia-II-Elet-kenyere.pdf\">Soliloquia II &#8211; \u00c9let kenyere<\/a><\/li>\n<li><a href=\"https:\/\/actio-catholica.hu\/wp-content\/uploads\/2023\/02\/25-Prohaszka-Sion-hegyen.pdf\">Sion hegy\u00e9n<\/a><\/li>\n<li><a href=\"https:\/\/actio-catholica.hu\/wp-content\/uploads\/2023\/02\/26-Prohaszka-Elo-vizek-forrasa.pdf\">\u00c9l\u0151 vizek forr\u00e1sa<\/a><\/li>\n<\/ol>\n<p>A k\u00f6nyvek a <a href=\"https:\/\/gondola.hu\" target=\"_blank\" rel=\"noopener\">gondola.hu<\/a>-n voltak publik\u00e1lva, valamikor 2008-ban. K\u00f6sz\u00f6nj\u00fck.<\/p>\n","protected":false},"excerpt":{"rendered":"<p>Proh\u00e1szka Ottok\u00e1r p\u00fcsp\u00f6k \u00f6sszes m\u0171ve Isten \u00e9s a vil\u00e1g (Term\u00e9szettudom\u00e1nyok) A kereszt\u00e9ny b\u0171nb\u00e1nat \u00e9s b\u0171nbocs\u00e1nat F\u00f6ld \u00e9s \u00e9g &#8211; Geol\u00f3gia \u00e9s teol\u00f3gia &#8211; I. F\u00f6ld \u00e9s \u00e9g &#8211; Geol\u00f3gia \u00e9s teol\u00f3gia &#8211; II. A diadalmas vil\u00e1gn\u00e9zet Elm\u00e9lked\u00e9sek az evang\u00e9liumr\u00f3l I. Elm\u00e9lked\u00e9sek az evang\u00e9liumr\u00f3l II. Magass\u00e1gok fel\u00e9 Vil\u00e1goss\u00e1g a s\u00f6t\u00e9ts\u00e9gben &#8211; P\u00e1sztorlevelek Korunk lelke Kult\u00fara \u00e9s [&hellip;]<\/p>\n","protected":false},"author":3,"featured_media":0,"parent":0,"menu_order":0,"comment_status":"closed","ping_status":"closed","template":"","meta":{"h5ap_radio_sources":[],"footnotes":""},"class_list":["post-5297","page","type-page","status-publish","hentry"],"_links":{"self":[{"href":"https:\/\/actio-catholica.hu\/index.php\/wp-json\/wp\/v2\/pages\/5297","targetHints":{"allow":["GET"]}}],"collection":[{"href":"https:\/\/actio-catholica.hu\/index.php\/wp-json\/wp\/v2\/pages"}],"about":[{"href":"https:\/\/actio-catholica.hu\/index.php\/wp-json\/wp\/v2\/types\/page"}],"author":[{"embeddable":true,"href":"https:\/\/actio-catholica.hu\/index.php\/wp-json\/wp\/v2\/users\/3"}],"replies":[{"embeddable":true,"href":"https:\/\/actio-catholica.hu\/index.php\/wp-json\/wp\/v2\/comments?post=5297"}],"version-history":[{"count":2,"href":"https:\/\/actio-catholica.hu\/index.php\/wp-json\/wp\/v2\/pages\/5297\/revisions"}],"predecessor-version":[{"id":5327,"href":"https:\/\/actio-catholica.hu\/index.php\/wp-json\/wp\/v2\/pages\/5297\/revisions\/5327"}],"wp:attachment":[{"href":"https:\/\/actio-catholica.hu\/index.php\/wp-json\/wp\/v2\/media?parent=5297"}],"curies":[{"name":"wp","href":"https:\/\/api.w.org\/{rel}","templated":true}]}}