{"id":6411,"date":"2023-06-29T09:00:50","date_gmt":"2023-06-29T07:00:50","guid":{"rendered":"https:\/\/actio-catholica.hu\/?page_id=6411"},"modified":"2023-06-29T08:59:35","modified_gmt":"2023-06-29T06:59:35","slug":"demonok-es-jelenesek-megkulonboztetese","status":"publish","type":"page","link":"https:\/\/actio-catholica.hu\/index.php\/demonok-es-jelenesek-megkulonboztetese\/","title":{"rendered":"D\u00e9monok \u00e9s jelen\u00e9sek megk\u00fcl\u00f6nb\u00f6ztet\u00e9se"},"content":{"rendered":"<h1 style=\"text-align: center;\">N\u00e9h\u00e1ny nagyon fontos \u00edr\u00e1st olvashat a d\u00e9monokr\u00f3l, valamint a jelen\u00e9sek meg\u00edt\u00e9l\u00e9s\u00e9r\u0151l<\/h1>\n<p style=\"text-align: justify;\"><img loading=\"lazy\" decoding=\"async\" class=\"alignright size-medium wp-image-6412\" src=\"https:\/\/actio-catholica.hu\/wp-content\/uploads\/2023\/06\/titivillus_demon_kiemelt-300x169.webp\" alt=\"\" width=\"300\" height=\"169\" srcset=\"https:\/\/actio-catholica.hu\/wp-content\/uploads\/2023\/06\/titivillus_demon_kiemelt-300x169.webp 300w, https:\/\/actio-catholica.hu\/wp-content\/uploads\/2023\/06\/titivillus_demon_kiemelt-768x432.webp 768w, https:\/\/actio-catholica.hu\/wp-content\/uploads\/2023\/06\/titivillus_demon_kiemelt.webp 1024w\" sizes=\"auto, (max-width: 300px) 100vw, 300px\" \/>A jelen\u00e9sek \u00e9s l\u00e1tnokok eset\u00e9ben nagyon fontos, mert tapasztalat alapj\u00e1n tudjuk, hogy a hamisak \u00e1ltal\u00e1ban ott buknak meg, hogy l\u00e1tsz\u00f3lag egyezik a zsinati egyh\u00e1z teol\u00f3gi\u00e1j\u00e1val, de (r\u00e9szben) ellene mond a k\u00e9tezer \u00e9ves tan\u00edt\u00e1snak, amit az Anyaszentegyh\u00e1z \u00e9s a Tan\u00edt\u00f3hivatal a II. Vatik\u00e1ni Zsinatig s\u00e9rtetlen\u00fcl meg\u0151rz\u00f6tt, hitt \u00e9s tan\u00edtott.<\/p>\n<p style=\"text-align: justify;\">Jelen sorok \u00edr\u00f3j\u00e1nak volt szerencs\u00e9je (vagy szerencs\u00e9tlens\u00e9ge) szemben \u00fclni egy (fiatal) l\u00e1tnok (\u00fagy 20-30 \u00e9v k\u00f6z\u00f6ttivel) h\u00f6lggyel \u00e9s besz\u00e9lgetni. \u0150 is ott bukott meg, amikor sz\u00f3ba ker\u00fcltek az eszkatol\u00f3giai (hal\u00e1l ut\u00e1ni, v\u00e9gs\u0151 id\u0151k) k\u00e9rd\u00e9sek. A h\u00f6lgy gyakorlatilag t\u00f6k\u00e9letesen felmondta a &#8220;<em>leck\u00e9t<\/em>&#8221; a Novus Ordo (II.V.ZS.) tan\u00edt\u00e1sa szerint, de a magyar\u00e1zata nem egyezett azzal, amit a Vetus Ordo (II.V.ZS. el\u0151tt) tan\u00edtott.<\/p>\n<h3 style=\"text-align: center;\">Ez\u00e9rt csak azt mondhatjuk, hogy &#8220;<strong>CAVE CANEM<\/strong> &#8211; \u00d3vakodj a kuty\u00e1t\u00f3l!&#8221;<\/h3>\n<ol>\n<li>\n<h4 class=\"entry-title\"><a href=\"https:\/\/actio-catholica.hu\/index.php\/2023\/06\/29\/a-jelenesek-megkulonbozteteserol\/\">A jelen\u00e9sek megk\u00fcl\u00f6nb\u00f6ztet\u00e9s\u00e9r\u0151l<\/a><\/h4>\n<\/li>\n<li>\n<h4 class=\"entry-title\"><a href=\"https:\/\/actio-catholica.hu\/index.php\/2023\/06\/26\/a-demonok-termeszeterol\/\">A d\u00e9monok term\u00e9szet\u00e9r\u0151l<\/a><\/h4>\n<\/li>\n<\/ol>\n","protected":false},"excerpt":{"rendered":"<p>N\u00e9h\u00e1ny nagyon fontos \u00edr\u00e1st olvashat a d\u00e9monokr\u00f3l, valamint a jelen\u00e9sek meg\u00edt\u00e9l\u00e9s\u00e9r\u0151l A jelen\u00e9sek \u00e9s l\u00e1tnokok eset\u00e9ben nagyon fontos, mert tapasztalat alapj\u00e1n tudjuk, hogy a hamisak \u00e1ltal\u00e1ban ott buknak meg, hogy l\u00e1tsz\u00f3lag egyezik a zsinati egyh\u00e1z teol\u00f3gi\u00e1j\u00e1val, de (r\u00e9szben) ellene mond a k\u00e9tezer \u00e9ves tan\u00edt\u00e1snak, amit az Anyaszentegyh\u00e1z \u00e9s a Tan\u00edt\u00f3hivatal a II. Vatik\u00e1ni Zsinatig s\u00e9rtetlen\u00fcl [&hellip;]<\/p>\n","protected":false},"author":3,"featured_media":0,"parent":0,"menu_order":0,"comment_status":"closed","ping_status":"closed","template":"","meta":{"h5ap_radio_sources":[],"footnotes":""},"class_list":["post-6411","page","type-page","status-publish","hentry"],"_links":{"self":[{"href":"https:\/\/actio-catholica.hu\/index.php\/wp-json\/wp\/v2\/pages\/6411","targetHints":{"allow":["GET"]}}],"collection":[{"href":"https:\/\/actio-catholica.hu\/index.php\/wp-json\/wp\/v2\/pages"}],"about":[{"href":"https:\/\/actio-catholica.hu\/index.php\/wp-json\/wp\/v2\/types\/page"}],"author":[{"embeddable":true,"href":"https:\/\/actio-catholica.hu\/index.php\/wp-json\/wp\/v2\/users\/3"}],"replies":[{"embeddable":true,"href":"https:\/\/actio-catholica.hu\/index.php\/wp-json\/wp\/v2\/comments?post=6411"}],"version-history":[{"count":2,"href":"https:\/\/actio-catholica.hu\/index.php\/wp-json\/wp\/v2\/pages\/6411\/revisions"}],"predecessor-version":[{"id":6414,"href":"https:\/\/actio-catholica.hu\/index.php\/wp-json\/wp\/v2\/pages\/6411\/revisions\/6414"}],"wp:attachment":[{"href":"https:\/\/actio-catholica.hu\/index.php\/wp-json\/wp\/v2\/media?parent=6411"}],"curies":[{"name":"wp","href":"https:\/\/api.w.org\/{rel}","templated":true}]}}