{"id":7022,"date":"2026-02-24T08:30:57","date_gmt":"2026-02-24T07:30:57","guid":{"rendered":"https:\/\/actio-catholica.hu\/?page_id=7022"},"modified":"2026-04-06T08:39:59","modified_gmt":"2026-04-06T06:39:59","slug":"ai-mi","status":"publish","type":"page","link":"https:\/\/actio-catholica.hu\/index.php\/ai-mi\/","title":{"rendered":"AI\/MI"},"content":{"rendered":"<h1 style=\"text-align: center;\"><span style=\"font-size: 36px;\">Mesters\u00e9ges Intelligencia nem bar\u00e1t, hanem ellens\u00e9g<\/span><\/h1>\n<p><img loading=\"lazy\" decoding=\"async\" class=\"aligncenter wp-image-7021 size-full\" src=\"https:\/\/actio-catholica.hu\/wp-content\/uploads\/2025\/09\/AI.jpg\" alt=\"\" width=\"970\" height=\"545\" srcset=\"https:\/\/actio-catholica.hu\/wp-content\/uploads\/2025\/09\/AI.jpg 970w, https:\/\/actio-catholica.hu\/wp-content\/uploads\/2025\/09\/AI-300x169.jpg 300w, https:\/\/actio-catholica.hu\/wp-content\/uploads\/2025\/09\/AI-768x432.jpg 768w\" sizes=\"auto, (max-width: 970px) 100vw, 970px\" \/><\/p>\n<h1 style=\"text-align: center;\"><span style=\"color: #ff0000;\">R\u00f6viden \u00e9s t\u00f6m\u00f6ren nem egyeztethet\u0151 \u00f6ssze a katolikus hittel, vall\u00e1ssal!<\/span><\/h1>\n<p><iframe loading=\"lazy\" title=\"Barsi Bal\u00e1zs OFM Si\u00f3ag\u00e1rd 25.07.27 Hom\u00edlia\" width=\"844\" height=\"475\" src=\"https:\/\/www.youtube.com\/embed\/IYLI7BGrX0A?feature=oembed\" frameborder=\"0\" allow=\"accelerometer; autoplay; clipboard-write; encrypted-media; gyroscope; picture-in-picture; web-share\" referrerpolicy=\"strict-origin-when-cross-origin\" allowfullscreen><\/iframe><\/p>\n<p style=\"text-align: justify;\">Aj\u00e1nlom mindenkinek olvas\u00e1sra a k\u00f6vetkez\u0151 \u00edr\u00e1sokat. Ezek k\u00f6z\u00fcl j\u00f3 n\u00e9h\u00e1ny nem a norm\u00e1l publikus port\u00e1lokon jelenik meg, hanem sz\u00e1m\u00edt\u00e1stechnikai, szakmai oldalakon. Ez\u00e9rt csak egy viszonylag sz\u0171k, szakmai k\u00f6z\u00f6ss\u00e9ghez jut el, de megl\u00e1t\u00e1sunk szerint minden katolikusnak (\u00e9s bennfoglaltan kereszt\u00e9nynek) ismernie kell:<\/p>\n<ol>\n<li>\n<h5 class=\"entry-title\"><a href=\"https:\/\/actio-catholica.hu\/index.php\/2025\/07\/28\/barsi-balazs-a-mesterseges-intelligenciarol-videoval\/\">Barsi Bal\u00e1zs a mesters\u00e9ges intelligenci\u00e1r\u00f3l \u2013 vide\u00f3val<\/a><\/h5>\n<\/li>\n<li>\n<h5 class=\"postTitle\"><a href=\"https:\/\/demokrata.hu\/vilag\/megolte-sajat-anyjat-majd-ongyilkos-lett-a-chatgpt-felerositette-paranoiajat-1049784\" target=\"_blank\" rel=\"noopener\">Meg\u00f6lte saj\u00e1t anyj\u00e1t, majd \u00f6ngyilkos lett \u2013 a ChatGPT feler\u0151s\u00edtette paranoi\u00e1j\u00e1t<\/a><\/h5>\n<\/li>\n<li>\n<h5 class=\"entry-title\"><a href=\"https:\/\/actio-catholica.hu\/index.php\/2025\/09\/09\/a-torveny-nem-kepes-kezelni-az-ai-mi-pornografiat-es-gyermekeink-fizetik-meg-ennek-arat\/\" target=\"_blank\" rel=\"noopener\">A t\u00f6rv\u00e9ny nem k\u00e9pes kezelni az AI\/MI pornogr\u00e1fi\u00e1t, \u00e9s gyermekeink fizetik meg ennek \u00e1r\u00e1t<\/a><\/h5>\n<\/li>\n<li>\n<h5><a class=\"row-title\" href=\"https:\/\/actio-catholica.hu\/index.php\/2025\/11\/04\/egy-szakerto-szerint-a-nagy-nyelvi-modellek-szinte-biztosan-kepesek-gondolkodni\/\" aria-label=\"\u201cEgy szak\u00e9rt\u0151 szerint a nagy nyelvi modellek szinte biztosan k\u00e9pesek gondolkodni\u201d (Szerkeszt\u00e9s)\">Egy szak\u00e9rt\u0151 szerint a nagy nyelvi modellek szinte biztosan k\u00e9pesek gondolkodni<\/a><\/h5>\n<\/li>\n<li>\n<h5 class=\"entry-title\"><a href=\"https:\/\/actio-catholica.hu\/index.php\/2025\/11\/10\/tizennegy-eves-fiut-kergetett-halalba-a-mesterseges-intelligencia-az-edesanya-perre-viszi-az-ugyet\/\">Tizenn\u00e9gy \u00e9ves fi\u00fat kergetett hal\u00e1lba a mesters\u00e9ges intelligencia, az \u00e9desanya perre viszi az \u00fcgyet<\/a><\/h5>\n<\/li>\n<li>\n<h5><a href=\"https:\/\/actio-catholica.hu\/index.php\/2025\/11\/24\/a-hamis-tudomany-problemaja\/\" target=\"_blank\" rel=\"noopener\">A hamis tudom\u00e1ny probl\u00e9m\u00e1ja<\/a><\/h5>\n<\/li>\n<li>\n<h5><a href=\"https:\/\/actio-catholica.hu\/index.php\/2025\/11\/26\/hazudik-elfogult-es-veszelyes-ai-munkasok-sokkolo-vallomasa\" target=\"_blank\" rel=\"noopener\">&#8220;Hazudik, elfogult \u00e9s vesz\u00e9lyes\u2019&#8221; \u2013 AI-munk\u00e1sok sokkol\u00f3 vallom\u00e1sa<\/a><\/h5>\n<\/li>\n<li>\n<h5><a href=\"https:\/\/actio-catholica.hu\/index.php\/2025\/11\/27\/megint-lecsapott-a-gyilkos-ai-egy-23-eves-fiu-fejbe-lotte-magat-a-chatbottal-folytatott-beszelgetes-utan\" target=\"_blank\" rel=\"noopener\">Megint lecsapott a gyilkos AI: egy 23 \u00e9ves fi\u00fa fejbe l\u0151tte mag\u00e1t a chatbottal folytatott besz\u00e9lget\u00e9s ut\u00e1n<\/a><\/h5>\n<\/li>\n<li>\n<h5><a href=\"https:\/\/actio-catholica.hu\/index.php\/2026\/01\/06\/klinikai-szakpszichologus-az-ai-rendszeres-hasznalata-fuggoseget-okoz-es-leszoktat-a-gondolkodasrol\" target=\"_blank\" rel=\"noopener\">Klinikai szakpszichol\u00f3gus: az AI rendszeres haszn\u00e1lata f\u00fcgg\u0151s\u00e9get okoz \u00e9s leszoktat a gondolkod\u00e1sr\u00f3l<\/a><\/h5>\n<\/li>\n<li>\n<h5><a href=\"https:\/\/actio-catholica.hu\/index.php\/2026\/01\/07\/szakertoi-figyelmeztetes-kitakart-kepet-se-tegyunk-kozze-a-gyerekunkrol\" target=\"_blank\" rel=\"noopener\">Szak\u00e9rt\u0151i figyelmeztet\u00e9s: kitakart k\u00e9pet se tegy\u00fcnk k\u00f6zz\u00e9 a gyerek\u00fcnkr\u0151l<\/a><\/h5>\n<\/li>\n<li>\n<h5><a href=\"https:\/\/actio-catholica.hu\/index.php\/2026\/01\/08\/durvan-a-fekre-lepnenek-az-mi-ellenzoi\" target=\"_blank\" rel=\"noopener\">Durv\u00e1n a f\u00e9kre l\u00e9pn\u00e9nek az MI ellenz\u0151i<\/a><\/h5>\n<\/li>\n<li>\n<h5><a href=\"https:\/\/actio-catholica.hu\/index.php\/2026\/01\/22\/7251\" target=\"_blank\" rel=\"noopener\">A homoszexu\u00e1lis ateista Yuval Harari davosi besz\u00e9d\u00e9ben azt \u00e1ll\u00edtotta, hogy az AI \u201e\u00e1tveszi a vall\u00e1s hely\u00e9t\u201d.<\/a><\/h5>\n<\/li>\n<li>\n<h5><a href=\"https:\/\/actio-catholica.hu\/index.php\/2026\/02\/03\/a-mesterseges-intelligencia-sajat-kozossegi-mediat-epit-es-vallast-alapit-egyetlen-ejszaka-alatt\" target=\"_blank\" rel=\"noopener\">A mesters\u00e9ges intelligencia saj\u00e1t k\u00f6z\u00f6ss\u00e9gi m\u00e9di\u00e1t \u00e9p\u00edt \u00e9s vall\u00e1st alap\u00edt egyetlen \u00e9jszaka alatt<\/a><\/h5>\n<\/li>\n<li>\n<h5><a href=\"https:\/\/actio-catholica.hu\/index.php\/2026\/02\/24\/meg-sosem-jartunk-ilyen-kozel-ahhoz-hogy-ontudatra-ebredjen-a-mesterseges-intelligencia\" target=\"_blank\" rel=\"noopener\">M\u00e9g sosem j\u00e1rtunk ilyen k\u00f6zel ahhoz, hogy \u00f6ntudatra \u00e9bredjen a mesters\u00e9ges intelligencia<\/a><\/h5>\n<\/li>\n<li>\n<h5><a href=\"https:\/\/actio-catholica.hu\/index.php\/2026\/04\/06\/miert-hazudik-csal-es-lop-az-ai\" target=\"_blank\" rel=\"noopener\">Mi\u00e9rt hazudik, csal \u00e9s lop az AI?<\/a><\/h5>\n<\/li>\n<\/ol>\n","protected":false},"excerpt":{"rendered":"<p>Mesters\u00e9ges Intelligencia nem bar\u00e1t, hanem ellens\u00e9g R\u00f6viden \u00e9s t\u00f6m\u00f6ren nem egyeztethet\u0151 \u00f6ssze a katolikus hittel, vall\u00e1ssal! Aj\u00e1nlom mindenkinek olvas\u00e1sra a k\u00f6vetkez\u0151 \u00edr\u00e1sokat. Ezek k\u00f6z\u00fcl j\u00f3 n\u00e9h\u00e1ny nem a norm\u00e1l publikus port\u00e1lokon jelenik meg, hanem sz\u00e1m\u00edt\u00e1stechnikai, szakmai oldalakon. Ez\u00e9rt csak egy viszonylag sz\u0171k, szakmai k\u00f6z\u00f6ss\u00e9ghez jut el, de megl\u00e1t\u00e1sunk szerint minden katolikusnak (\u00e9s bennfoglaltan kereszt\u00e9nynek) ismernie [&hellip;]<\/p>\n","protected":false},"author":3,"featured_media":0,"parent":0,"menu_order":0,"comment_status":"closed","ping_status":"closed","template":"","meta":{"h5ap_radio_sources":[],"footnotes":""},"class_list":["post-7022","page","type-page","status-publish","hentry"],"_links":{"self":[{"href":"https:\/\/actio-catholica.hu\/index.php\/wp-json\/wp\/v2\/pages\/7022","targetHints":{"allow":["GET"]}}],"collection":[{"href":"https:\/\/actio-catholica.hu\/index.php\/wp-json\/wp\/v2\/pages"}],"about":[{"href":"https:\/\/actio-catholica.hu\/index.php\/wp-json\/wp\/v2\/types\/page"}],"author":[{"embeddable":true,"href":"https:\/\/actio-catholica.hu\/index.php\/wp-json\/wp\/v2\/users\/3"}],"replies":[{"embeddable":true,"href":"https:\/\/actio-catholica.hu\/index.php\/wp-json\/wp\/v2\/comments?post=7022"}],"version-history":[{"count":18,"href":"https:\/\/actio-catholica.hu\/index.php\/wp-json\/wp\/v2\/pages\/7022\/revisions"}],"predecessor-version":[{"id":7353,"href":"https:\/\/actio-catholica.hu\/index.php\/wp-json\/wp\/v2\/pages\/7022\/revisions\/7353"}],"wp:attachment":[{"href":"https:\/\/actio-catholica.hu\/index.php\/wp-json\/wp\/v2\/media?parent=7022"}],"curies":[{"name":"wp","href":"https:\/\/api.w.org\/{rel}","templated":true}]}}