{"id":7106,"date":"2025-11-03T13:23:00","date_gmt":"2025-11-03T12:23:00","guid":{"rendered":"https:\/\/actio-catholica.hu\/?page_id=7106"},"modified":"2025-11-03T13:23:00","modified_gmt":"2025-11-03T12:23:00","slug":"a-fizikusok-szerint-az-univerzum-nem-lehet-szimulacio-a-valosag-melyebb-mint-a-ter-es-az-ido","status":"publish","type":"page","link":"https:\/\/actio-catholica.hu\/index.php\/a-fizikusok-szerint-az-univerzum-nem-lehet-szimulacio-a-valosag-melyebb-mint-a-ter-es-az-ido\/","title":{"rendered":"A fizikusok szerint az univerzum nem lehet szimul\u00e1ci\u00f3 \u2013 a val\u00f3s\u00e1g m\u00e9lyebb, mint a t\u00e9r \u00e9s az id\u0151"},"content":{"rendered":"<p class=\"lead\" style=\"text-align: left;\">Egy \u00faj kvantumgravit\u00e1ci\u00f3s elm\u00e9let szerint a t\u00e9r \u00e9s az id\u0151 sem alapvet\u0151 elemei a vil\u00e1gegyetemnek, hanem m\u00e9lyebb, inform\u00e1ci\u00f3alap\u00fa val\u00f3s\u00e1gb\u00f3l sz\u00fcletnek, amely t\u00falmutat minden sz\u00e1m\u00edt\u00e1son.<img loading=\"lazy\" decoding=\"async\" class=\"aligncenter wp-image-7107\" src=\"https:\/\/actio-catholica.hu\/wp-content\/uploads\/2025\/11\/matrix_matrix_155237_5_original_760x425_cover.webp\" alt=\"\" width=\"844\" height=\"472\" srcset=\"https:\/\/actio-catholica.hu\/wp-content\/uploads\/2025\/11\/matrix_matrix_155237_5_original_760x425_cover.webp 760w, https:\/\/actio-catholica.hu\/wp-content\/uploads\/2025\/11\/matrix_matrix_155237_5_original_760x425_cover-300x168.webp 300w\" sizes=\"auto, (max-width: 844px) 100vw, 844px\" \/><\/p>\n<p class=\"lead\" style=\"text-align: justify;\">A leg\u00fajabb kvantumgravit\u00e1ci\u00f3s kutat\u00e1sok alapjaiban k\u00e9rd\u0151jelezik meg, amit a val\u00f3s\u00e1gr\u00f3l gondolunk. A fizikusok szerint m\u00e9g maga a t\u00e9r \u00e9s az id\u0151 sem l\u00e9tezik \u00f6nmag\u00e1ban, hanem egy m\u00e9lyebb, inform\u00e1ci\u00f3alap\u00fa r\u00e9tegb\u0151l, \u00fagynevezett plat\u00f3ni birodalomb\u00f3l emelkedik ki. Ez a birodalom matematikai term\u00e9szet\u0171, \u00e9s a kutat\u00f3k szerint &#8220;val\u00f3s\u00e1gosabb&#8221;, mint az a fizikai univerzum, amelyet \u00e9rz\u00e9kel\u00fcnk. Innen, ebb\u0151l a tiszta inform\u00e1ci\u00f3s mez\u0151b\u0151l sz\u00fcletnek meg az \u00e1ltalunk ismert fizikai t\u00f6rv\u00e9nyek, a t\u00e9r \u00e9s az id\u0151 is.<\/p>\n<p style=\"text-align: justify;\">Dr. Mir Faizal, a University of British Columbia Okanagan kampusz\u00e1nak tud\u00f3sa szerint a fizika alapvet\u0151 t\u00f6rv\u00e9nyei nem \u00edrhat\u00f3k le puszt\u00e1n t\u00e9rben \u00e9s id\u0151ben, mivel \u00e9ppen ezek l\u00e9trej\u00f6tt\u00e9t gener\u00e1lj\u00e1k. Faizal \u00e9s kutat\u00f3t\u00e1rsai olyan matematikai t\u00e9telekre hivatkoznak, amelyek az algoritmusok hat\u00e1rait mutatj\u00e1k ki &#8211; ezek alapj\u00e1n bebizony\u00edtott\u00e1k, hogy a val\u00f3s\u00e1g teljes \u00e9s konzisztens le\u00edr\u00e1sa nem lehets\u00e9ges kiz\u00e1r\u00f3lag sz\u00e1m\u00edt\u00e1si m\u00f3dszerekkel.<\/p>\n<blockquote>\n<p>&#8220;Megmutattuk, hogy nem lehet a fizikai val\u00f3s\u00e1g minden aspektus\u00e1t kvantumgravit\u00e1ci\u00f3s sz\u00e1m\u00edt\u00e1sokkal le\u00edrni&#8221;<\/p>\n<\/blockquote>\n<p>&#8211; mondja Dr. Faizal.<\/p>\n<blockquote>\n<p>&#8220;Ez\u00e9rt nem sz\u00e1rmazhat mindenre kiterjed\u0151, fizikai \u00e9rtelemben teljes elm\u00e9let puszt\u00e1n sz\u00e1m\u00edt\u00e1sb\u00f3l. Egy nem-algoritmikus meg\u00e9rt\u00e9sre van sz\u00fcks\u00e9g, ami m\u00e9lyebb, mint a kvantumgravit\u00e1ci\u00f3 t\u00f6rv\u00e9nyei &#8211; \u00e9s \u00edgy m\u00e9lyebb, mint maga a t\u00e9rid\u0151.&#8221;<\/p>\n<\/blockquote>\n<p style=\"text-align: justify;\">Ez a &#8220;nem-algoritmikus meg\u00e9rt\u00e9s&#8221; a tudom\u00e1ny jelenlegi keretein t\u00fali fogalom: olyan felismer\u00e9sr\u0151l van sz\u00f3, amely nem vezethet\u0151 le l\u00e9p\u00e9sr\u0151l l\u00e9p\u00e9sre, nem modellezhet\u0151 sz\u00e1m\u00edt\u00f3g\u00e9pen, \u00e9s nem reduk\u00e1lhat\u00f3 algoritmusokra. A kutat\u00f3k szerint \u00e9pp emiatt a vil\u00e1gegyetem nem lehet szimul\u00e1ci\u00f3 &#8211; hiszen a szimul\u00e1ci\u00f3 elve a sz\u00e1m\u00edthat\u00f3s\u00e1gon alapul.<\/p>\n<p style=\"text-align: justify;\">A tanulm\u00e1ny teh\u00e1t nemcsak a kvantumgravit\u00e1ci\u00f3 elm\u00e9let\u00e9t emeli \u00faj szintre, hanem filoz\u00f3fiai k\u00e9rd\u00e9seket is felvet: ha a val\u00f3s\u00e1g gy\u00f6kere val\u00f3ban t\u00fal van a sz\u00e1m\u00edt\u00e1son, akkor a vil\u00e1g nem puszt\u00e1n egy bonyolult k\u00f3d, hanem valami, amihez az emberi meg\u00e9rt\u00e9s eddigi form\u00e1i is kev\u00e9snek bizonyulnak.<\/p>\n<h4 class=\"content article-textbody \"><strong>Szerkeszt\u0151:<\/strong><\/h4>\n<div dir=\"auto\" style=\"padding-left: 40px;\">Csak egyet nem mond ki:<\/div>\n<div dir=\"auto\" style=\"padding-left: 40px;\"><span style=\"color: #ff0000;\"><b>Az\u00e9rt lehet (van) \u00edgy, mert l\u00e9tezik egy fels\u0151bb, v\u00e9gtelen intelligencia, k\u00e9pess\u00e9g (Isten), mely l\u00e9trehozta (Kre\u00e1ci\u00f3\/teremt\u00e9s).<\/b><\/span><\/div>\n<div dir=\"auto\" style=\"padding-left: 40px;\">hasonl\u00f3an <a href=\"https:\/\/actio-catholica.hu\/index.php\/2020\/02\/21\/teremtes-vagy-evolucio-adatabrazolas-a-termeszetben\/\" target=\"_blank\" rel=\"noopener\"><b>ezen<\/b><\/a> \u00edr\u00e1s szerz\u0151j\u00e9hez.<\/div>\n<div dir=\"auto\" style=\"padding-left: 40px;\">Gondolkod\u00f3 (h\u00fclye) m\u00e9rn\u00f6kk\u00e9nt (mint \u00e9n) j\u00f6het r\u00e1 az ember az ember v\u00e9ges semmis\u00e9g\u00e9re Isten v\u00e9gtelens\u00e9g\u00e9vel szemben. Csak a bek\u00e9pzelt, al\u00e1zatot nem ismer\u0151k hihetik azt, hogy versenyre kellhetnek <b>Vele<\/b>.<\/div>\n","protected":false},"excerpt":{"rendered":"<p>Egy \u00faj kvantumgravit\u00e1ci\u00f3s elm\u00e9let szerint a t\u00e9r \u00e9s az id\u0151 sem alapvet\u0151 elemei a vil\u00e1gegyetemnek, hanem m\u00e9lyebb, inform\u00e1ci\u00f3alap\u00fa val\u00f3s\u00e1gb\u00f3l sz\u00fcletnek, amely t\u00falmutat minden sz\u00e1m\u00edt\u00e1son. A leg\u00fajabb kvantumgravit\u00e1ci\u00f3s kutat\u00e1sok alapjaiban k\u00e9rd\u0151jelezik meg, amit a val\u00f3s\u00e1gr\u00f3l gondolunk. A fizikusok szerint m\u00e9g maga a t\u00e9r \u00e9s az id\u0151 sem l\u00e9tezik \u00f6nmag\u00e1ban, hanem egy m\u00e9lyebb, inform\u00e1ci\u00f3alap\u00fa r\u00e9tegb\u0151l, \u00fagynevezett plat\u00f3ni [&hellip;]<\/p>\n","protected":false},"author":3,"featured_media":0,"parent":0,"menu_order":0,"comment_status":"closed","ping_status":"closed","template":"","meta":{"h5ap_radio_sources":[],"footnotes":""},"class_list":["post-7106","page","type-page","status-publish","hentry"],"_links":{"self":[{"href":"https:\/\/actio-catholica.hu\/index.php\/wp-json\/wp\/v2\/pages\/7106","targetHints":{"allow":["GET"]}}],"collection":[{"href":"https:\/\/actio-catholica.hu\/index.php\/wp-json\/wp\/v2\/pages"}],"about":[{"href":"https:\/\/actio-catholica.hu\/index.php\/wp-json\/wp\/v2\/types\/page"}],"author":[{"embeddable":true,"href":"https:\/\/actio-catholica.hu\/index.php\/wp-json\/wp\/v2\/users\/3"}],"replies":[{"embeddable":true,"href":"https:\/\/actio-catholica.hu\/index.php\/wp-json\/wp\/v2\/comments?post=7106"}],"version-history":[{"count":1,"href":"https:\/\/actio-catholica.hu\/index.php\/wp-json\/wp\/v2\/pages\/7106\/revisions"}],"predecessor-version":[{"id":7109,"href":"https:\/\/actio-catholica.hu\/index.php\/wp-json\/wp\/v2\/pages\/7106\/revisions\/7109"}],"wp:attachment":[{"href":"https:\/\/actio-catholica.hu\/index.php\/wp-json\/wp\/v2\/media?parent=7106"}],"curies":[{"name":"wp","href":"https:\/\/api.w.org\/{rel}","templated":true}]}}