{"id":945,"date":"2020-04-07T09:00:52","date_gmt":"2020-04-07T07:00:52","guid":{"rendered":"http:\/\/actio-catholica.hu\/?page_id=945"},"modified":"2020-06-07T11:44:08","modified_gmt":"2020-06-07T09:44:08","slug":"medjugorje-velemenyunk-rola","status":"publish","type":"page","link":"https:\/\/actio-catholica.hu\/index.php\/medjugorje-velemenyunk-rola\/","title":{"rendered":"Medjugorje &#8211; V\u00e9lem\u00e9ny\u00fcnk r\u00f3la"},"content":{"rendered":"<p style=\"text-align: left;\"><em>Az itt k\u00f6z\u00f6lt \u00edr\u00e1sokkal nem kell egyet\u00e9rteni, csak el kell olvasni, v\u00e9gig gondolni \u00e9s r\u00e1b\u00edzni magunkat a <strong>HIT\u00c9RZ\u00c9K\u00dcNKRE.<\/strong> A medjugorjei jelen\u00e9sek lassan 40 \u00e9vesek, de jelenleg is vit\u00e1kat kavarnak, \u00e9s az egyh\u00e1z nem ismerte el, nem hagyta j\u00f3v\u00e1. Mi egyet l\u00e1tunk biztosan: nagyon sok esetben egy dolog, esem\u00e9ny, nem az aminek l\u00e1tszik. Nem l\u00e1thatunk bele a t\u00f6rt\u00e9n\u00e9sek h\u00e1tter\u00e9be, nem tudhatjuk a mozgat\u00f3r\u00fag\u00f3kat, a be\u00e1gyazott terveket. Azaz csak a felsz\u00edn v\u00e1lik l\u00e1that\u00f3v\u00e1.<\/em><\/p>\n<table style=\"width: 100%; border-collapse: collapse; border-style: none;\">\n<tbody>\n<tr>\n<td style=\"width: 33.3333%; border-style: none; vertical-align: middle; text-align: center;\"><div class=\"ead-preview\"><div class=\"ead-document\" style=\"position: relative;padding-top: 90%;\"><div class=\"ead-iframe-wrapper\"><iframe src=\"\/\/docs.google.com\/viewer?url=http%3A%2F%2Factio-catholica.hu%2Fwp-content%2Fuploads%2F2020%2F04%2FA-medjugorjei-jelen%C3%A9s.pdf&amp;embedded=true&amp;hl=en\" title=\"Embedded Document\" class=\"ead-iframe\" style=\"width: 100%;height: 100%;border: none;position: absolute;left: 0;top: 0;visibility: hidden;\"><\/iframe><\/div>\t\t\t<div class=\"ead-document-loading\" style=\"width:100%;height:100%;position:absolute;left:0;top:0;z-index:10;\">\n\t\t\t\t<div class=\"ead-loading-wrap\">\n\t\t\t\t\t<div class=\"ead-loading-main\">\n\t\t\t\t\t\t<div class=\"ead-loading\">\n\t\t\t\t\t\t\t<img loading=\"lazy\" decoding=\"async\" src=\"https:\/\/actio-catholica.hu\/wp-content\/plugins\/embed-any-document\/images\/loading.svg\" width=\"55\" height=\"55\" alt=\"Loader\">\n\t\t\t\t\t\t\t<span>Loading...<\/span>\n\t\t\t\t\t\t<\/div>\n\t\t\t\t\t<\/div>\n\t\t\t\t\t<div class=\"ead-loading-foot\">\n\t\t\t\t\t\t<div class=\"ead-loading-foot-title\">\n\t\t\t\t\t\t\t<img loading=\"lazy\" decoding=\"async\" src=\"https:\/\/actio-catholica.hu\/wp-content\/plugins\/embed-any-document\/images\/EAD-logo.svg\" alt=\"EAD Logo\" width=\"36\" height=\"23\"\/>\n\t\t\t\t\t\t\t<span>Taking too long?<\/span>\n\t\t\t\t\t\t<\/div>\n\t\t\t\t\t\t<p>\n\t\t\t\t\t\t\t<div class=\"ead-document-btn ead-reload-btn\" role=\"button\">\n\t\t\t\t\t\t\t\t<img loading=\"lazy\" decoding=\"async\" src=\"https:\/\/actio-catholica.hu\/wp-content\/plugins\/embed-any-document\/images\/reload.svg\" alt=\"Reload\" width=\"12\" height=\"12\"\/> Reload document\t\t\t\t\t\t\t<\/div>\n\t\t\t\t\t\t\t<span>|<\/span>\n\t\t\t\t\t\t\t<a href=\"http:\/\/actio-catholica.hu\/wp-content\/uploads\/2020\/04\/A-medjugorjei-jelen\u00e9s.pdf\" class=\"ead-document-btn\" target=\"_blank\">\n\t\t\t\t\t\t\t\t<img loading=\"lazy\" decoding=\"async\" src=\"https:\/\/actio-catholica.hu\/wp-content\/plugins\/embed-any-document\/images\/open.svg\" alt=\"Open\" width=\"12\" height=\"12\"\/> Open in new tab\t\t\t\t\t\t\t<\/a>\n\t\t\t\t\t<\/div>\n\t\t\t\t<\/div>\n\t\t\t<\/div>\n\t\t<\/div><p class=\"embed_download\"><a href=\"http:\/\/actio-catholica.hu\/wp-content\/uploads\/2020\/04\/A-medjugorjei-jelen\u00e9s.pdf\" download>Let\u00f6lt\u00e9s <\/a><\/p><\/div><\/td>\n<td style=\"width: 33.3333%; border-style: none; vertical-align: middle; text-align: center;\"><div class=\"ead-preview\"><div class=\"ead-document\" style=\"position: relative;padding-top: 90%;\"><div class=\"ead-iframe-wrapper\"><iframe src=\"\/\/docs.google.com\/viewer?url=http%3A%2F%2Factio-catholica.hu%2Fwp-content%2Fuploads%2F2020%2F04%2FInterdiktum-a-Medjugorje.pdf&amp;embedded=true&amp;hl=en\" title=\"Embedded Document\" class=\"ead-iframe\" style=\"width: 100%;height: 100%;border: none;position: absolute;left: 0;top: 0;visibility: hidden;\"><\/iframe><\/div>\t\t\t<div class=\"ead-document-loading\" style=\"width:100%;height:100%;position:absolute;left:0;top:0;z-index:10;\">\n\t\t\t\t<div class=\"ead-loading-wrap\">\n\t\t\t\t\t<div class=\"ead-loading-main\">\n\t\t\t\t\t\t<div class=\"ead-loading\">\n\t\t\t\t\t\t\t<img loading=\"lazy\" decoding=\"async\" src=\"https:\/\/actio-catholica.hu\/wp-content\/plugins\/embed-any-document\/images\/loading.svg\" width=\"55\" height=\"55\" alt=\"Loader\">\n\t\t\t\t\t\t\t<span>Loading...<\/span>\n\t\t\t\t\t\t<\/div>\n\t\t\t\t\t<\/div>\n\t\t\t\t\t<div class=\"ead-loading-foot\">\n\t\t\t\t\t\t<div class=\"ead-loading-foot-title\">\n\t\t\t\t\t\t\t<img loading=\"lazy\" decoding=\"async\" src=\"https:\/\/actio-catholica.hu\/wp-content\/plugins\/embed-any-document\/images\/EAD-logo.svg\" alt=\"EAD Logo\" width=\"36\" height=\"23\"\/>\n\t\t\t\t\t\t\t<span>Taking too long?<\/span>\n\t\t\t\t\t\t<\/div>\n\t\t\t\t\t\t<p>\n\t\t\t\t\t\t\t<div class=\"ead-document-btn ead-reload-btn\" role=\"button\">\n\t\t\t\t\t\t\t\t<img loading=\"lazy\" decoding=\"async\" src=\"https:\/\/actio-catholica.hu\/wp-content\/plugins\/embed-any-document\/images\/reload.svg\" alt=\"Reload\" width=\"12\" height=\"12\"\/> Reload document\t\t\t\t\t\t\t<\/div>\n\t\t\t\t\t\t\t<span>|<\/span>\n\t\t\t\t\t\t\t<a href=\"http:\/\/actio-catholica.hu\/wp-content\/uploads\/2020\/04\/Interdiktum-a-Medjugorje.pdf\" class=\"ead-document-btn\" target=\"_blank\">\n\t\t\t\t\t\t\t\t<img loading=\"lazy\" decoding=\"async\" src=\"https:\/\/actio-catholica.hu\/wp-content\/plugins\/embed-any-document\/images\/open.svg\" alt=\"Open\" width=\"12\" height=\"12\"\/> Open in new tab\t\t\t\t\t\t\t<\/a>\n\t\t\t\t\t<\/div>\n\t\t\t\t<\/div>\n\t\t\t<\/div>\n\t\t<\/div><p class=\"embed_download\"><a href=\"http:\/\/actio-catholica.hu\/wp-content\/uploads\/2020\/04\/Interdiktum-a-Medjugorje.pdf\" download>Let\u00f6lt\u00e9s <\/a><\/p><\/div><\/td>\n<td style=\"width: 33.3333%; border-style: none; vertical-align: middle; text-align: center;\"><div class=\"ead-preview\"><div class=\"ead-document\" style=\"position: relative;padding-top: 90%;\"><div class=\"ead-iframe-wrapper\"><iframe src=\"\/\/docs.google.com\/viewer?url=http%3A%2F%2Factio-catholica.hu%2Fwp-content%2Fuploads%2F2020%2F04%2FA-Medjugorje-jelens%C3%A9g-%C3%A9s-a-szellemek-megk%C3%BCl%C3%B6nb%C3%B6ztet%C3%A9se-Toszk%C3%A1n-p%C3%BCsp%C3%B6ki-nyilatkozat.pdf&amp;embedded=true&amp;hl=en\" title=\"Embedded Document\" class=\"ead-iframe\" style=\"width: 100%;height: 100%;border: none;position: absolute;left: 0;top: 0;visibility: hidden;\"><\/iframe><\/div>\t\t\t<div class=\"ead-document-loading\" style=\"width:100%;height:100%;position:absolute;left:0;top:0;z-index:10;\">\n\t\t\t\t<div class=\"ead-loading-wrap\">\n\t\t\t\t\t<div class=\"ead-loading-main\">\n\t\t\t\t\t\t<div class=\"ead-loading\">\n\t\t\t\t\t\t\t<img loading=\"lazy\" decoding=\"async\" src=\"https:\/\/actio-catholica.hu\/wp-content\/plugins\/embed-any-document\/images\/loading.svg\" width=\"55\" height=\"55\" alt=\"Loader\">\n\t\t\t\t\t\t\t<span>Loading...<\/span>\n\t\t\t\t\t\t<\/div>\n\t\t\t\t\t<\/div>\n\t\t\t\t\t<div class=\"ead-loading-foot\">\n\t\t\t\t\t\t<div class=\"ead-loading-foot-title\">\n\t\t\t\t\t\t\t<img loading=\"lazy\" decoding=\"async\" src=\"https:\/\/actio-catholica.hu\/wp-content\/plugins\/embed-any-document\/images\/EAD-logo.svg\" alt=\"EAD Logo\" width=\"36\" height=\"23\"\/>\n\t\t\t\t\t\t\t<span>Taking too long?<\/span>\n\t\t\t\t\t\t<\/div>\n\t\t\t\t\t\t<p>\n\t\t\t\t\t\t\t<div class=\"ead-document-btn ead-reload-btn\" role=\"button\">\n\t\t\t\t\t\t\t\t<img loading=\"lazy\" decoding=\"async\" src=\"https:\/\/actio-catholica.hu\/wp-content\/plugins\/embed-any-document\/images\/reload.svg\" alt=\"Reload\" width=\"12\" height=\"12\"\/> Reload document\t\t\t\t\t\t\t<\/div>\n\t\t\t\t\t\t\t<span>|<\/span>\n\t\t\t\t\t\t\t<a href=\"http:\/\/actio-catholica.hu\/wp-content\/uploads\/2020\/04\/A-Medjugorje-jelens\u00e9g-\u00e9s-a-szellemek-megk\u00fcl\u00f6nb\u00f6ztet\u00e9se-Toszk\u00e1n-p\u00fcsp\u00f6ki-nyilatkozat.pdf\" class=\"ead-document-btn\" target=\"_blank\">\n\t\t\t\t\t\t\t\t<img loading=\"lazy\" decoding=\"async\" src=\"https:\/\/actio-catholica.hu\/wp-content\/plugins\/embed-any-document\/images\/open.svg\" alt=\"Open\" width=\"12\" height=\"12\"\/> Open in new tab\t\t\t\t\t\t\t<\/a>\n\t\t\t\t\t<\/div>\n\t\t\t\t<\/div>\n\t\t\t<\/div>\n\t\t<\/div><p class=\"embed_download\"><a href=\"http:\/\/actio-catholica.hu\/wp-content\/uploads\/2020\/04\/A-Medjugorje-jelens\u00e9g-\u00e9s-a-szellemek-megk\u00fcl\u00f6nb\u00f6ztet\u00e9se-Toszk\u00e1n-p\u00fcsp\u00f6ki-nyilatkozat.pdf\" download>Let\u00f6lt\u00e9s <\/a><\/p><\/div><\/td>\n<\/tr>\n<\/tbody>\n<\/table>\n<p><img loading=\"lazy\" decoding=\"async\" class=\"aligncenter size-full wp-image-1185\" src=\"https:\/\/actio-catholica.hu\/wp-content\/uploads\/2020\/06\/med-1080x475-1.jpg\" alt=\"\" width=\"700\" height=\"250\" srcset=\"https:\/\/actio-catholica.hu\/wp-content\/uploads\/2020\/06\/med-1080x475-1.jpg 700w, https:\/\/actio-catholica.hu\/wp-content\/uploads\/2020\/06\/med-1080x475-1-300x107.jpg 300w\" sizes=\"auto, (max-width: 700px) 100vw, 700px\" \/><\/p>\n<p style=\"text-align: justify;\">Olvas\u00e1s k\u00f6zben az is tudatosuljon az olvas\u00f3ban, hogy a medjugorjei &#8220;<em>kinyilatkoztat\u00e1sok<\/em>&#8221; t\u00f6bbsz\u00f6r ellene mondanak a r\u00f3mai egyh\u00e1z \u00e1ltal, k\u00e9tezer \u00e9ven kereszt\u00fcl tan\u00edtottaknak. Nos ez kell, hogy legyen a v\u00e1laszt\u00f3vonal a meg\u00edt\u00e9l\u00e9sben, mert ha az ellentmond\u00e1sokat elfogadjuk, azzal azt jelentj\u00fck ki, hogy az EGYH\u00c1Z \u00e9s a TAN\u00cdT\u00d3HIVATAL k\u00e9tezer \u00e9ven kereszt\u00fcl nem Isten tan\u00edt\u00e1s\u00e1t adta \u00e1t, hanem egy hamis pr\u00f3f\u00e9tait.<\/p>\n<p>Friss\u00edt\u00e9s: 2020. j\u00fanius 7.<\/p>\n<div class=\"post-header\">\n<h1 class=\"cim entry-title\" style=\"text-align: center;\">Itt a hivatalos vatik\u00e1ni jelent\u00e9s Medjugorje-r\u00f3l<\/h1>\n<\/div>\n<div class=\"post-entry\">\n<p><em>A 2010-ben m\u00e9g XVI. Benedek p\u00e1pa \u00e1ltal, Camillo Ruini b\u00edboros eln\u00f6klet\u00e9vel fel\u00e1ll\u00edtott bizotts\u00e1g feladata az volt, hogy meg\u00e1llap\u00edtsa: val\u00f3ban a kezdetekt\u0151l a mai napig megjelenik, illetve \u201cl\u00e1tnokokon\u201d kereszt\u00fcl \u00fczen a Sz\u0171zanya a boszniai kisv\u00e1rosban?<\/em><\/p>\n<p style=\"text-align: justify;\">A t\u00f6bb \u00e9ves kutat\u00f3munk\u00e1t v\u00e9gz\u0151\u00a0csoportban teol\u00f3gusok \u00e9s k\u00e1nonjog\u00e1szok mellett pszichol\u00f3gusok \u00e9s egy antropol\u00f3gus is dolgozott. A most nyilv\u00e1noss\u00e1gra hozott jelent\u00e9s tartalma r\u00f6viden:<\/p>\n<blockquote><p>Az 1981. j\u00fanius 24. \u00e9s j\u00falius 3. k\u00f6z\u00f6tti (els\u0151) jelen\u00e9seknek volt term\u00e9szetf\u00f6l\u00f6tti eredete, a t\u00f6bbinek nem.<\/p><\/blockquote>\n<p style=\"text-align: justify;\">A napokban Fatim\u00e1b\u00f3l R\u00f3m\u00e1ba rep\u00fclve Ferenc p\u00e1pa a g\u00e9pen tartott sajt\u00f3t\u00e1j\u00e9koztat\u00f3j\u00e1n dics\u00e9rte a Ruini-jelent\u00e9st \u00e9s hangs\u00falyozta Medjugorje lelkis\u00e9g\u00e9nek erej\u00e9t. Emellett azonban kiemelte, hogy M\u00e1ri\u00e1t nem szereti valamif\u00e9le \u201cpostaf\u0151n\u00f6kk\u00e9nt\u201delk\u00e9pzelni, aki napr\u00f3l-napra egy meghat\u00e1rozott \u00f3r\u00e1ban \u00fczeneteket k\u00fcld\u00f6zget.<\/p>\n<p style=\"text-align: justify;\">Ami a helyzet lelkip\u00e1sztori oldal\u00e1t illeti: a Szentatya\u00a0Henryk Hoser, lengyel \u00e9rseket jel\u00f6lte ki arra, hogy felm\u00e9rje a pasztor\u00e1lis ig\u00e9nyeket \u00e9s megvizsg\u00e1lja mik\u00e9nt lehets\u00e9ges az \u00e9vente zar\u00e1ndokok sz\u00e1zezreit vonz\u00f3 Medjugorj\u00e9t a vizsg\u00e1lat lez\u00e1rult\u00e1t k\u00f6vet\u0151en is hitelesen megtartani az Istennel val\u00f3 tal\u00e1lkoz\u00e1s helyek\u00e9nt. Hoser aty\u00e1nak ny\u00e1rra kell visszat\u00e9rnie R\u00f3m\u00e1ba besz\u00e1molni tapasztalatair\u00f3l. Ezek az egyeztet\u00e9sek lehetnek az utols\u00f3k, ut\u00e1na v\u00e1rhat\u00f3 Ferenc p\u00e1pa d\u00f6nt\u00e9se a kegyhely j\u00f6v\u0151j\u00e9r\u0151l.<\/p>\n<p style=\"text-align: center;\">A poszt ideje: 2017.05.17<\/p>\n<p>Forr\u00e1s: <a href=\"https:\/\/777blog.hu\/2017\/05\/17\/itt-hivatalos-vatikani-jelentes-medjugorjerol\/\" target=\"_blank\" rel=\"noopener noreferrer\">777blog.hu<\/a><\/p>\n<\/div>\n","protected":false},"excerpt":{"rendered":"<p>Az itt k\u00f6z\u00f6lt \u00edr\u00e1sokkal nem kell egyet\u00e9rteni, csak el kell olvasni, v\u00e9gig gondolni \u00e9s r\u00e1b\u00edzni magunkat a HIT\u00c9RZ\u00c9K\u00dcNKRE. A medjugorjei jelen\u00e9sek lassan 40 \u00e9vesek, de jelenleg is vit\u00e1kat kavarnak, \u00e9s az egyh\u00e1z nem ismerte el, nem hagyta j\u00f3v\u00e1. Mi egyet l\u00e1tunk biztosan: nagyon sok esetben egy dolog, esem\u00e9ny, nem az aminek l\u00e1tszik. Nem l\u00e1thatunk bele [&hellip;]<\/p>\n","protected":false},"author":2,"featured_media":0,"parent":0,"menu_order":0,"comment_status":"closed","ping_status":"closed","template":"","meta":{"h5ap_radio_sources":[],"footnotes":""},"class_list":["post-945","page","type-page","status-publish","hentry"],"_links":{"self":[{"href":"https:\/\/actio-catholica.hu\/index.php\/wp-json\/wp\/v2\/pages\/945","targetHints":{"allow":["GET"]}}],"collection":[{"href":"https:\/\/actio-catholica.hu\/index.php\/wp-json\/wp\/v2\/pages"}],"about":[{"href":"https:\/\/actio-catholica.hu\/index.php\/wp-json\/wp\/v2\/types\/page"}],"author":[{"embeddable":true,"href":"https:\/\/actio-catholica.hu\/index.php\/wp-json\/wp\/v2\/users\/2"}],"replies":[{"embeddable":true,"href":"https:\/\/actio-catholica.hu\/index.php\/wp-json\/wp\/v2\/comments?post=945"}],"version-history":[{"count":6,"href":"https:\/\/actio-catholica.hu\/index.php\/wp-json\/wp\/v2\/pages\/945\/revisions"}],"predecessor-version":[{"id":1187,"href":"https:\/\/actio-catholica.hu\/index.php\/wp-json\/wp\/v2\/pages\/945\/revisions\/1187"}],"wp:attachment":[{"href":"https:\/\/actio-catholica.hu\/index.php\/wp-json\/wp\/v2\/media?parent=945"}],"curies":[{"name":"wp","href":"https:\/\/api.w.org\/{rel}","templated":true}]}}